{"id":95,"date":"2021-07-28T19:43:16","date_gmt":"2021-07-28T19:43:16","guid":{"rendered":"http:\/\/thefoleybarn.wpengine.com\/?page_id=95"},"modified":"2021-09-29T12:20:04","modified_gmt":"2021-09-29T12:20:04","slug":"home-portfolio","status":"publish","type":"page","link":"https:\/\/frese-stiftung.de\/?page_id=95","title":{"rendered":"Preistr\u00e4ger:innen 2021"},"content":{"rendered":"\t\t<div data-elementor-type=\"wp-page\" data-elementor-id=\"95\" class=\"elementor elementor-95\">\n\t\t\t\t\t\t<section class=\"elementor-section elementor-top-section elementor-element elementor-element-53e9f66 elementor-section-boxed elementor-section-height-default elementor-section-height-default\" data-id=\"53e9f66\" data-element_type=\"section\" data-e-type=\"section\">\n\t\t\t\t\t\t<div class=\"elementor-container elementor-column-gap-default\">\n\t\t\t\t\t<div class=\"elementor-column elementor-col-100 elementor-top-column elementor-element elementor-element-571c190\" data-id=\"571c190\" data-element_type=\"column\" data-e-type=\"column\">\n\t\t\t<div class=\"elementor-widget-wrap\">\n\t\t\t\t\t\t\t<\/div>\n\t\t<\/div>\n\t\t\t\t\t<\/div>\n\t\t<\/section>\n\t\t\t\t<section class=\"elementor-section elementor-top-section elementor-element elementor-element-a729230 elementor-section-boxed elementor-section-height-default elementor-section-height-default\" data-id=\"a729230\" data-element_type=\"section\" data-e-type=\"section\">\n\t\t\t\t\t\t<div class=\"elementor-container elementor-column-gap-default\">\n\t\t\t\t\t<div class=\"elementor-column elementor-col-100 elementor-top-column elementor-element elementor-element-9378c95\" data-id=\"9378c95\" data-element_type=\"column\" data-e-type=\"column\">\n\t\t\t<div class=\"elementor-widget-wrap elementor-element-populated\">\n\t\t\t\t\t\t<div class=\"elementor-element elementor-element-71bf0a6 elementor-widget elementor-widget-heading\" data-id=\"71bf0a6\" data-element_type=\"widget\" data-e-type=\"widget\" data-widget_type=\"heading.default\">\n\t\t\t\t<div class=\"elementor-widget-container\">\n\t\t\t\t\t<h2 class=\"elementor-heading-title elementor-size-default\">Frese-Design-preis 2021<\/h2>\t\t\t\t<\/div>\n\t\t\t\t<\/div>\n\t\t\t\t\t<\/div>\n\t\t<\/div>\n\t\t\t\t\t<\/div>\n\t\t<\/section>\n\t\t\t\t<section class=\"elementor-section elementor-top-section elementor-element elementor-element-adba7ef elementor-section-boxed elementor-section-height-default elementor-section-height-default\" data-id=\"adba7ef\" data-element_type=\"section\" data-e-type=\"section\">\n\t\t\t\t\t\t<div class=\"elementor-container elementor-column-gap-default\">\n\t\t\t\t\t<div class=\"elementor-column elementor-col-50 elementor-top-column elementor-element elementor-element-bfcfe5f\" data-id=\"bfcfe5f\" data-element_type=\"column\" data-e-type=\"column\">\n\t\t\t<div class=\"elementor-widget-wrap elementor-element-populated\">\n\t\t\t\t\t\t<div class=\"elementor-element elementor-element-dc1a9d5 elementor-widget elementor-widget-text-editor\" data-id=\"dc1a9d5\" data-element_type=\"widget\" data-e-type=\"widget\" data-widget_type=\"text-editor.default\">\n\t\t\t\t<div class=\"elementor-widget-container\">\n\t\t\t\t\t\t\t\t\t<div>Der Frese Designpreis 2021 wurde im Rahmen der Jahresausstellung der Absolventen vergeben, die in diesem Jahr auf dem Domshof stattfand.<\/div><div><strong><br \/>Die Preistr\u00e4gerinnen:<\/strong><\/div><div>1.Preis: \u2028Bojana Petkovi\u0107 <br \/>(Digitale Medien, Master of Arts)\u2028<br \/>\u2028Titel Arbeit: An Ode to the Post-Nature &#8211; Crystal World<br \/>\u20283.000 Euro<\/div><div>\u00a0<\/div><div>\u20282. Preis Sarah Frede<p>(Integriertes Design, Master of Arts)\u2028 <br \/>Titel Arbeit: GHOST STORIES<br \/>\u20282.000 Euro<\/p><p>3. Preis: Livia Brocke\u2028<br \/>(Digitale Medien, Bachelor of Arts) \u2028<br \/>Titel Arbeit: Sand\u2028<br \/>2.000 Euro<\/p><\/div>\t\t\t\t\t\t\t\t<\/div>\n\t\t\t\t<\/div>\n\t\t\t\t\t<\/div>\n\t\t<\/div>\n\t\t\t\t<div class=\"elementor-column elementor-col-50 elementor-top-column elementor-element elementor-element-96c7ceb\" data-id=\"96c7ceb\" data-element_type=\"column\" data-e-type=\"column\">\n\t\t\t<div class=\"elementor-widget-wrap elementor-element-populated\">\n\t\t\t\t\t\t<div class=\"elementor-element elementor-element-8b9e59a elementor-widget elementor-widget-image\" data-id=\"8b9e59a\" data-element_type=\"widget\" data-e-type=\"widget\" data-widget_type=\"image.default\">\n\t\t\t\t<div class=\"elementor-widget-container\">\n\t\t\t\t\t\t\t\t\t\t\t\t\t\t\t\t<a href=\"https:\/\/www.frese-stiftung.de\/wp-content\/uploads\/2021\/09\/screen-scaled.jpg\" target=\"_blank\">\n\t\t\t\t\t\t\t<img fetchpriority=\"high\" decoding=\"async\" width=\"960\" height=\"548\" src=\"https:\/\/frese-stiftung.de\/wp-content\/uploads\/2021\/09\/screen-1024x585.jpg\" class=\"attachment-large size-large wp-image-820\" alt=\"\" srcset=\"https:\/\/frese-stiftung.de\/wp-content\/uploads\/2021\/09\/screen-1024x585.jpg 1024w, https:\/\/frese-stiftung.de\/wp-content\/uploads\/2021\/09\/screen-300x171.jpg 300w, https:\/\/frese-stiftung.de\/wp-content\/uploads\/2021\/09\/screen-768x439.jpg 768w, https:\/\/frese-stiftung.de\/wp-content\/uploads\/2021\/09\/screen-1536x878.jpg 1536w, https:\/\/frese-stiftung.de\/wp-content\/uploads\/2021\/09\/screen-2048x1171.jpg 2048w\" sizes=\"(max-width: 960px) 100vw, 960px\" \/>\t\t\t\t\t\t\t\t<\/a>\n\t\t\t\t\t\t\t\t\t\t\t\t\t\t\t<\/div>\n\t\t\t\t<\/div>\n\t\t\t\t<div class=\"elementor-element elementor-element-4eebf94 elementor-widget elementor-widget-text-editor\" data-id=\"4eebf94\" data-element_type=\"widget\" data-e-type=\"widget\" data-widget_type=\"text-editor.default\">\n\t\t\t\t<div class=\"elementor-widget-container\">\n\t\t\t\t\t\t\t\t\t<p><a href=\"https:\/\/vimeo.com\/579440117\" target=\"_blank\" rel=\"noopener\">Film direkt im Vimeo-Vieo-Kanal der HfK ansehen \u00bb <\/a><\/p>\t\t\t\t\t\t\t\t<\/div>\n\t\t\t\t<\/div>\n\t\t\t\t<div class=\"elementor-element elementor-element-e5c1ee2 elementor-widget elementor-widget-image\" data-id=\"e5c1ee2\" data-element_type=\"widget\" data-e-type=\"widget\" data-widget_type=\"image.default\">\n\t\t\t\t<div class=\"elementor-widget-container\">\n\t\t\t\t\t\t\t\t\t\t\t\t\t\t\t<img decoding=\"async\" width=\"960\" height=\"639\" src=\"https:\/\/frese-stiftung.de\/wp-content\/uploads\/2021\/09\/ja21-029-1024x682.jpg\" class=\"attachment-large size-large wp-image-373\" alt=\"\" srcset=\"https:\/\/frese-stiftung.de\/wp-content\/uploads\/2021\/09\/ja21-029-1024x682.jpg 1024w, https:\/\/frese-stiftung.de\/wp-content\/uploads\/2021\/09\/ja21-029-300x200.jpg 300w, https:\/\/frese-stiftung.de\/wp-content\/uploads\/2021\/09\/ja21-029-768x512.jpg 768w, https:\/\/frese-stiftung.de\/wp-content\/uploads\/2021\/09\/ja21-029-1536x1024.jpg 1536w, https:\/\/frese-stiftung.de\/wp-content\/uploads\/2021\/09\/ja21-029.jpg 2000w\" sizes=\"(max-width: 960px) 100vw, 960px\" \/>\t\t\t\t\t\t\t\t\t\t\t\t\t\t\t<\/div>\n\t\t\t\t<\/div>\n\t\t\t\t\t<\/div>\n\t\t<\/div>\n\t\t\t\t\t<\/div>\n\t\t<\/section>\n\t\t\t\t<section class=\"elementor-section elementor-top-section elementor-element elementor-element-a9ce8b8 elementor-section-boxed elementor-section-height-default elementor-section-height-default\" data-id=\"a9ce8b8\" data-element_type=\"section\" data-e-type=\"section\">\n\t\t\t\t\t\t<div class=\"elementor-container elementor-column-gap-default\">\n\t\t\t\t\t<div class=\"elementor-column elementor-col-100 elementor-top-column elementor-element elementor-element-124715f\" data-id=\"124715f\" data-element_type=\"column\" data-e-type=\"column\">\n\t\t\t<div class=\"elementor-widget-wrap elementor-element-populated\">\n\t\t\t\t\t\t<div class=\"elementor-element elementor-element-a31a3e7 elementor-widget elementor-widget-ebor-portfolio-block\" data-id=\"a31a3e7\" data-element_type=\"widget\" data-e-type=\"widget\" data-widget_type=\"ebor-portfolio-block.default\">\n\t\t\t\t<div class=\"elementor-widget-container\">\n\t\t\t\t\t\n<div class=\"gallery\" data-cols=\"3\" data-margin=\"30\" data-ratio=\"1:1\">\n\t\n\t<div class=\"entry 2021\">\n\t\t<a href=\"https:\/\/frese-stiftung.de\/?portfolio=project-1-2\">\n\t\t\t\n\t\t\t<div class=\"entry__image\" data-bg=\"https:\/\/frese-stiftung.de\/wp-content\/uploads\/2018\/06\/1_Platz_Bojana-Petkovicum_3.jpg\"><\/div>\n\t\t\t\n\t\t\t<div class=\"entry__overlay\">\n\t\t\t\t\n\t\t\t\t<div class=\"entry__caption\">\n\t\t\t\t\t<div class=\"title\">1.Preis Bojana Petkovic<\/div>\t\t\t\t\t<div class=\"cat\">2021<\/div>\n\t\t\t\t<\/div>\n\t\t\t\t\n\t\t\t\t<span class=\"line\"><\/span>\n\t\t\t\t\n\t\t\t<\/div>\n\t\t\t\n\t\t<\/a>\n\t<\/div>\n\n\n\t<div class=\"entry 2021\">\n\t\t<a href=\"https:\/\/frese-stiftung.de\/?portfolio=2-platz-sarah-frede\">\n\t\t\t\n\t\t\t<div class=\"entry__image\" data-bg=\"https:\/\/frese-stiftung.de\/wp-content\/uploads\/2021\/09\/2_Platz_Sarah-Frede_3.jpg\"><\/div>\n\t\t\t\n\t\t\t<div class=\"entry__overlay\">\n\t\t\t\t\n\t\t\t\t<div class=\"entry__caption\">\n\t\t\t\t\t<div class=\"title\">2. Preis Sarah Frede<\/div>\t\t\t\t\t<div class=\"cat\">2021<\/div>\n\t\t\t\t<\/div>\n\t\t\t\t\n\t\t\t\t<span class=\"line\"><\/span>\n\t\t\t\t\n\t\t\t<\/div>\n\t\t\t\n\t\t<\/a>\n\t<\/div>\n\n\n\t<div class=\"entry 2021\">\n\t\t<a href=\"https:\/\/frese-stiftung.de\/?portfolio=project-6\">\n\t\t\t\n\t\t\t<div class=\"entry__image\" data-bg=\"https:\/\/frese-stiftung.de\/wp-content\/uploads\/2018\/06\/3_Platz_Livia-Brocke_2.jpg\"><\/div>\n\t\t\t\n\t\t\t<div class=\"entry__overlay\">\n\t\t\t\t\n\t\t\t\t<div class=\"entry__caption\">\n\t\t\t\t\t<div class=\"title\">3. Platz Livia Brocke<\/div>\t\t\t\t\t<div class=\"cat\">2021<\/div>\n\t\t\t\t<\/div>\n\t\t\t\t\n\t\t\t\t<span class=\"line\"><\/span>\n\t\t\t\t\n\t\t\t<\/div>\n\t\t\t\n\t\t<\/a>\n\t<\/div>\n\n<\/div>\t\t\t\t<\/div>\n\t\t\t\t<\/div>\n\t\t\t\t\t<\/div>\n\t\t<\/div>\n\t\t\t\t\t<\/div>\n\t\t<\/section>\n\t\t\t\t<section class=\"elementor-section elementor-top-section elementor-element elementor-element-dbb3a25 elementor-section-boxed elementor-section-height-default elementor-section-height-default\" data-id=\"dbb3a25\" data-element_type=\"section\" data-e-type=\"section\">\n\t\t\t\t\t\t<div class=\"elementor-container elementor-column-gap-default\">\n\t\t\t\t\t<div class=\"elementor-column elementor-col-100 elementor-top-column elementor-element elementor-element-5e36dc8\" data-id=\"5e36dc8\" data-element_type=\"column\" data-e-type=\"column\">\n\t\t\t<div class=\"elementor-widget-wrap elementor-element-populated\">\n\t\t\t\t\t\t<div class=\"elementor-element elementor-element-8b8dc25 elementor-widget elementor-widget-text-editor\" data-id=\"8b8dc25\" data-element_type=\"widget\" data-e-type=\"widget\" data-widget_type=\"text-editor.default\">\n\t\t\t\t<div class=\"elementor-widget-container\">\n\t\t\t\t\t\t\t\t\t<p><strong>Belobigungen:\u2028<\/strong><span style=\"color: var( --e-global-color-text ); font-family: var( --e-global-typography-text-font-family ), Sans-serif;\">&nbsp;<\/span><\/p><p><span style=\"color: var( --e-global-color-text ); font-family: var( --e-global-typography-text-font-family ), Sans-serif;\">Mahshid Mahboubifar:\u2028Amateur PET\u2028<\/span><\/p><p><span style=\"color: var( --e-global-color-text ); font-family: var( --e-global-typography-text-font-family ), Sans-serif;\">Hannah Huber:\u2028Trial and Error \u2013 Die tiefe Sch\u00f6nheit im keramischen Objekt\u2028<\/span><\/p><div>Shih-hsuan Yen:\u2028The Good Wife<\/div>\n<div>&nbsp;<\/div>\n<p><strong>Jury<\/strong><br>Lucia Mendelova \u2028(Softwareentwicklerin und Konzeptk\u00fcnstlerin f\u00fcr VR\/AR-Anwendungen)&nbsp;<\/p>\n<p>Markus Kison (digitale Medienkunst), zahlreiche Ausstellungen und internationale Auszeichnungen<\/p>\n<p>Julia Eberhardt \u2028(HfK Alumna des Integrierten Designs 2014, arbeitet seit 2015 im Studio von Vivienne Westwood, Dozentin an der Arts University Bournemouth)\u2028<\/p>\n<p>Stefan Jeep \u2028(K\u00fcnstler und Gesch\u00e4ftsf\u00fchrer des K\u00fcnstlerhaus G\u00fcterbahnhof, Preistr\u00e4ger des Bremer F\u00f6rderpreises f\u00fcr Bildende Kunst, 2004 bis 2006 Stipendium Villa Minimo des Kunstvereins Hannover)<\/p>\t\t\t\t\t\t\t\t<\/div>\n\t\t\t\t<\/div>\n\t\t\t\t\t<\/div>\n\t\t<\/div>\n\t\t\t\t\t<\/div>\n\t\t<\/section>\n\t\t\t\t<\/div>\n\t\t<div class=\"clearfix\"><\/div>","protected":false},"excerpt":{"rendered":"<p>Frese-Design-preis 2021 Der Frese Designpreis 2021 wurde im Rahmen der Jahresausstellung der Absolventen vergeben, die in diesem Jahr auf dem Domshof stattfand.Die Preistr\u00e4gerinnen:1.Preis: \u2028Bojana Petkovi\u0107 (Digitale Medien, Master of Arts)\u2028\u2028Titel Arbeit: An Ode to the Post-Nature &#8211; Crystal World\u20283.000 Euro\u00a0\u20282. Preis Sarah Frede (Integriertes Design, Master of Arts)\u2028 Titel Arbeit: GHOST STORIES\u20282.000 Euro 3. Preis: [&hellip;]<\/p>\n","protected":false},"author":1,"featured_media":0,"parent":0,"menu_order":0,"comment_status":"closed","ping_status":"closed","template":"page_page_builder.php","meta":{"footnotes":""},"class_list":["post-95","page","type-page","status-publish","hentry"],"_links":{"self":[{"href":"https:\/\/frese-stiftung.de\/index.php?rest_route=\/wp\/v2\/pages\/95","targetHints":{"allow":["GET"]}}],"collection":[{"href":"https:\/\/frese-stiftung.de\/index.php?rest_route=\/wp\/v2\/pages"}],"about":[{"href":"https:\/\/frese-stiftung.de\/index.php?rest_route=\/wp\/v2\/types\/page"}],"author":[{"embeddable":true,"href":"https:\/\/frese-stiftung.de\/index.php?rest_route=\/wp\/v2\/users\/1"}],"replies":[{"embeddable":true,"href":"https:\/\/frese-stiftung.de\/index.php?rest_route=%2Fwp%2Fv2%2Fcomments&post=95"}],"version-history":[{"count":80,"href":"https:\/\/frese-stiftung.de\/index.php?rest_route=\/wp\/v2\/pages\/95\/revisions"}],"predecessor-version":[{"id":841,"href":"https:\/\/frese-stiftung.de\/index.php?rest_route=\/wp\/v2\/pages\/95\/revisions\/841"}],"wp:attachment":[{"href":"https:\/\/frese-stiftung.de\/index.php?rest_route=%2Fwp%2Fv2%2Fmedia&parent=95"}],"curies":[{"name":"wp","href":"https:\/\/api.w.org\/{rel}","templated":true}]}}