{"id":790,"date":"2021-09-29T11:37:03","date_gmt":"2021-09-29T11:37:03","guid":{"rendered":"https:\/\/frese-stiftung.de\/?page_id=790"},"modified":"2023-10-13T14:05:55","modified_gmt":"2023-10-13T14:05:55","slug":"impressum","status":"publish","type":"page","link":"https:\/\/frese-stiftung.de\/?page_id=790","title":{"rendered":"Impressum"},"content":{"rendered":"\t\t<div data-elementor-type=\"wp-post\" data-elementor-id=\"790\" class=\"elementor elementor-790\">\n\t\t\t\t\t\t<section class=\"elementor-section elementor-top-section elementor-element elementor-element-c181d80 elementor-section-full_width elementor-section-height-min-height elementor-section-height-default elementor-section-items-middle\" data-id=\"c181d80\" data-element_type=\"section\" data-e-type=\"section\" data-settings=\"{&quot;background_background&quot;:&quot;classic&quot;}\">\n\t\t\t\t\t\t<div class=\"elementor-container elementor-column-gap-default\">\n\t\t\t\t\t<div class=\"elementor-column elementor-col-33 elementor-top-column elementor-element elementor-element-d1d92a4\" data-id=\"d1d92a4\" data-element_type=\"column\" data-e-type=\"column\">\n\t\t\t<div class=\"elementor-widget-wrap\">\n\t\t\t\t\t\t\t<\/div>\n\t\t<\/div>\n\t\t\t\t<div class=\"elementor-column elementor-col-33 elementor-top-column elementor-element elementor-element-68e01ca\" data-id=\"68e01ca\" data-element_type=\"column\" data-e-type=\"column\">\n\t\t\t<div class=\"elementor-widget-wrap elementor-element-populated\">\n\t\t\t\t\t\t<div class=\"elementor-element elementor-element-f75cdc6 elementor-widget elementor-widget-text-editor\" data-id=\"f75cdc6\" data-element_type=\"widget\" data-e-type=\"widget\" data-widget_type=\"text-editor.default\">\n\t\t\t\t<div class=\"elementor-widget-container\">\n\t\t\t\t\t\t\t\t\t<h3 style=\"text-align: center;\">IMPRESSUM<\/h3><h6 style=\"text-align: center;\">\u00a0<\/h6>\t\t\t\t\t\t\t\t<\/div>\n\t\t\t\t<\/div>\n\t\t\t\t\t<\/div>\n\t\t<\/div>\n\t\t\t\t<div class=\"elementor-column elementor-col-33 elementor-top-column elementor-element elementor-element-d9be141\" data-id=\"d9be141\" data-element_type=\"column\" data-e-type=\"column\">\n\t\t\t<div class=\"elementor-widget-wrap\">\n\t\t\t\t\t\t\t<\/div>\n\t\t<\/div>\n\t\t\t\t\t<\/div>\n\t\t<\/section>\n\t\t\t\t<section class=\"elementor-section elementor-top-section elementor-element elementor-element-9014a12 elementor-section-boxed elementor-section-height-default elementor-section-height-default\" data-id=\"9014a12\" data-element_type=\"section\" data-e-type=\"section\">\n\t\t\t\t\t\t<div class=\"elementor-container elementor-column-gap-default\">\n\t\t\t\t\t<div class=\"elementor-column elementor-col-50 elementor-top-column elementor-element elementor-element-5fad331\" data-id=\"5fad331\" data-element_type=\"column\" data-e-type=\"column\">\n\t\t\t<div class=\"elementor-widget-wrap elementor-element-populated\">\n\t\t\t\t\t\t<div class=\"elementor-element elementor-element-af7f875 elementor-widget elementor-widget-text-editor\" data-id=\"af7f875\" data-element_type=\"widget\" data-e-type=\"widget\" data-widget_type=\"text-editor.default\">\n\t\t\t\t<div class=\"elementor-widget-container\">\n\t\t\t\t\t\t\t\t\t<h5>Anbieterdaten<\/h5><p>Die Petra + Dieter Frese Stiftung ist gemeinn\u00fctzig.<br \/><br \/>Sie wird durch den Stiftungsvorstand vertreten:<br \/>Kay Middendorf<br \/>Gudrun Haar<br \/>Susanne Grobien.<br \/><br \/>Verantwortlich f\u00fcr den Inhalt dieser Webseite ist: <br \/>Kay Middendorf<br \/>Adresse : Contrescarpe 50, 28195 Bremen<br \/>Tel. 0421 2576071<br \/>Mail: kontakt@frese-stiftung.de<\/p><p><strong>Haftungsausschluss<\/strong><\/p><p>Die Stiftung bem\u00fcht sich, auf dieser Website aktuelle, richtige und vollst\u00e4ndige Informationen zu Verf\u00fcgung zu<br \/>stellen. Es wird jedoch keine Haftung oder Garantie f\u00fcr die Aktualit\u00e4t, Richtigkeit und Vollst\u00e4ndigkeit der auf dieser Website bereitgestellten Informationen \u00fcbernommen.<\/p><p>Wir behalten uns das Recht vor, ohne vorherige Ank\u00fcndigung \u00c4nderungen oder Erg\u00e4nzungen der bereitgestellten Informationen vorzunehmen.<\/p><p>Der Inhalt dieser Website ist urheberrechtlich gesch\u00fctzt. Die Speicherung und Vervielf\u00e4ltigung von Bildmaterial dieser Website ist nicht gestattet.<\/p><p>\u00a0<\/p>\t\t\t\t\t\t\t\t<\/div>\n\t\t\t\t<\/div>\n\t\t\t\t<div class=\"elementor-element elementor-element-ebbd4b8 elementor-widget elementor-widget-spacer\" data-id=\"ebbd4b8\" data-element_type=\"widget\" data-e-type=\"widget\" data-widget_type=\"spacer.default\">\n\t\t\t\t<div class=\"elementor-widget-container\">\n\t\t\t\t\t\t\t<div class=\"elementor-spacer\">\n\t\t\t<div class=\"elementor-spacer-inner\"><\/div>\n\t\t<\/div>\n\t\t\t\t\t\t<\/div>\n\t\t\t\t<\/div>\n\t\t\t\t\t<\/div>\n\t\t<\/div>\n\t\t\t\t<div class=\"elementor-column elementor-col-50 elementor-top-column elementor-element elementor-element-c15ada6\" data-id=\"c15ada6\" data-element_type=\"column\" data-e-type=\"column\">\n\t\t\t<div class=\"elementor-widget-wrap\">\n\t\t\t\t\t\t\t<\/div>\n\t\t<\/div>\n\t\t\t\t\t<\/div>\n\t\t<\/section>\n\t\t\t\t<\/div>\n\t\t<div class=\"clearfix\"><\/div>","protected":false},"excerpt":{"rendered":"<p>IMPRESSUM \u00a0 Anbieterdaten Die Petra + Dieter Frese Stiftung ist gemeinn\u00fctzig. Sie wird durch den Stiftungsvorstand vertreten:Kay MiddendorfGudrun HaarSusanne Grobien. Verantwortlich f\u00fcr den Inhalt dieser Webseite ist: Kay MiddendorfAdresse : Contrescarpe 50, 28195 BremenTel. 0421 2576071Mail: kontakt@frese-stiftung.de Haftungsausschluss Die Stiftung bem\u00fcht sich, auf dieser Website aktuelle, richtige und vollst\u00e4ndige Informationen zu Verf\u00fcgung zustellen. Es wird [&hellip;]<\/p>\n","protected":false},"author":1,"featured_media":0,"parent":0,"menu_order":0,"comment_status":"closed","ping_status":"closed","template":"page_page_builder.php","meta":{"footnotes":""},"class_list":["post-790","page","type-page","status-publish","hentry"],"_links":{"self":[{"href":"https:\/\/frese-stiftung.de\/index.php?rest_route=\/wp\/v2\/pages\/790","targetHints":{"allow":["GET"]}}],"collection":[{"href":"https:\/\/frese-stiftung.de\/index.php?rest_route=\/wp\/v2\/pages"}],"about":[{"href":"https:\/\/frese-stiftung.de\/index.php?rest_route=\/wp\/v2\/types\/page"}],"author":[{"embeddable":true,"href":"https:\/\/frese-stiftung.de\/index.php?rest_route=\/wp\/v2\/users\/1"}],"replies":[{"embeddable":true,"href":"https:\/\/frese-stiftung.de\/index.php?rest_route=%2Fwp%2Fv2%2Fcomments&post=790"}],"version-history":[{"count":28,"href":"https:\/\/frese-stiftung.de\/index.php?rest_route=\/wp\/v2\/pages\/790\/revisions"}],"predecessor-version":[{"id":982,"href":"https:\/\/frese-stiftung.de\/index.php?rest_route=\/wp\/v2\/pages\/790\/revisions\/982"}],"wp:attachment":[{"href":"https:\/\/frese-stiftung.de\/index.php?rest_route=%2Fwp%2Fv2%2Fmedia&parent=790"}],"curies":[{"name":"wp","href":"https:\/\/api.w.org\/{rel}","templated":true}]}}