{"id":619,"date":"2021-09-28T08:19:53","date_gmt":"2021-09-28T08:19:53","guid":{"rendered":"https:\/\/frese-stiftung.de\/?page_id=619"},"modified":"2021-09-28T10:22:12","modified_gmt":"2021-09-28T10:22:12","slug":"preistraegerinnen-2016","status":"publish","type":"page","link":"https:\/\/frese-stiftung.de\/?page_id=619","title":{"rendered":"Preistr\u00e4ger:innen 2016"},"content":{"rendered":"\t\t<div data-elementor-type=\"wp-page\" data-elementor-id=\"619\" class=\"elementor elementor-619\">\n\t\t\t\t\t\t<section class=\"elementor-section elementor-top-section elementor-element elementor-element-a729230 elementor-section-boxed elementor-section-height-default elementor-section-height-default\" data-id=\"a729230\" data-element_type=\"section\" data-e-type=\"section\">\n\t\t\t\t\t\t<div class=\"elementor-container elementor-column-gap-default\">\n\t\t\t\t\t<div class=\"elementor-column elementor-col-100 elementor-top-column elementor-element elementor-element-9378c95\" data-id=\"9378c95\" data-element_type=\"column\" data-e-type=\"column\">\n\t\t\t<div class=\"elementor-widget-wrap elementor-element-populated\">\n\t\t\t\t\t\t<div class=\"elementor-element elementor-element-71bf0a6 elementor-widget elementor-widget-heading\" data-id=\"71bf0a6\" data-element_type=\"widget\" data-e-type=\"widget\" data-widget_type=\"heading.default\">\n\t\t\t\t<div class=\"elementor-widget-container\">\n\t\t\t\t\t<h2 class=\"elementor-heading-title elementor-size-default\">Frese-Design-preis 2016<\/h2>\t\t\t\t<\/div>\n\t\t\t\t<\/div>\n\t\t\t\t\t<\/div>\n\t\t<\/div>\n\t\t\t\t\t<\/div>\n\t\t<\/section>\n\t\t\t\t<section class=\"elementor-section elementor-top-section elementor-element elementor-element-adba7ef elementor-section-boxed elementor-section-height-default elementor-section-height-default\" data-id=\"adba7ef\" data-element_type=\"section\" data-e-type=\"section\">\n\t\t\t\t\t\t<div class=\"elementor-container elementor-column-gap-default\">\n\t\t\t\t\t<div class=\"elementor-column elementor-col-50 elementor-top-column elementor-element elementor-element-bfcfe5f\" data-id=\"bfcfe5f\" data-element_type=\"column\" data-e-type=\"column\">\n\t\t\t<div class=\"elementor-widget-wrap elementor-element-populated\">\n\t\t\t\t\t\t<div class=\"elementor-element elementor-element-dc1a9d5 elementor-widget elementor-widget-text-editor\" data-id=\"dc1a9d5\" data-element_type=\"widget\" data-e-type=\"widget\" data-widget_type=\"text-editor.default\">\n\t\t\t\t<div class=\"elementor-widget-container\">\n\t\t\t\t\t\t\t\t\t<div>Der Frese Designpreis 2016 wurde im Rahmen der Jahresausstellung der Absolventen vergeben.<\/div>\n<div>\n<p><strong><br>Die Preistr\u00e4ger:innen:<\/strong><strong style=\"color: var( --e-global-color-text ); font-family: var( --e-global-typography-text-font-family ), Sans-serif;\">&nbsp;<\/strong><\/p>\n<\/div>\n<p>1. Preis:&nbsp;<span style=\"color: var( --e-global-color-text ); font-family: var( --e-global-typography-text-font-family ), Sans-serif;\">Susan Buckow<\/span><span style=\"color: var( --e-global-color-text ); font-family: var( --e-global-typography-text-font-family ), Sans-serif;\">&nbsp;<\/span><span style=\"color: var( --e-global-color-text ); font-family: var( --e-global-typography-text-font-family ), Sans-serif;\">(M.A. Integriertes Design)<br><\/span><span style=\"color: var( --e-global-color-text ); font-family: var( --e-global-typography-text-font-family ), Sans-serif;\">Titel Arbeit: Komische Gegenwart. Sondierungen aus der Zukunft.&nbsp;<\/span><span style=\"color: var( --e-global-color-text ); font-family: var( --e-global-typography-text-font-family ), Sans-serif;\">Preisgeld: 4000\u20ac<\/span><\/p>\n<p><b>Jurybegr\u00fcndung:<\/b>&nbsp;<span style=\"color: var( --e-global-color-text ); font-family: var( --e-global-typography-text-font-family ), Sans-serif;\">Die Arbeit \u201eKomische Gegenwart. Sondierungen aus der Zukunft.\u201c von Susan Buckow nimmt uns mit auf eine visuell beeindruckende Reise. Sie l\u00e4sst uns unsere Gegenwart aus Sicht eines Zeitreisenden aus einer unbestimmten Zukunft betrachten wie eine seltsame Phantasiewelt. Die feinen, handwerklich zwischen Illustration, Scherenschnitt und Lasercut befindlichen Figuren machen in ihrer Filigranit\u00e4t und Ausarbeitung, aber auch in der gesamten F\u00fclle gro\u00dfe Freude beim Ansehen und Erkunden. Gleiches gilt dem in \u00e4hnlicher und vortrefflicher Weise gestalteten Buch, das die Rahmengeschichte erz\u00e4hlt. Zudem erm\u00f6glicht eine erg\u00e4nzende Dokumentation, wie ein Reisef\u00fchrer, unsere Erkundungen zu deuten und gibt dem Szenario den notwendigen und genau richtig dosierten inhaltlichen \u00dcberbau. Die einfache und direkte Pr\u00e4sentation \u00fcberzeugt durch eine herausragende formal und inhaltlich koh\u00e4rent geschaffene Bildwelt. Dazu wird die Sammlung an Figuren durch ihre r\u00e4umliche Inszenierung und ihr Arrangement raumgreifend und einnehmend. Eine vollendete und au\u00dferordentlich gelungene Erkundungsreise!<\/span><\/p>\n<p>&nbsp;&#8212;&#8212;&#8212;&#8212;&#8212;&#8212;&#8212;&#8212;&#8212;&#8212;&#8212;&#8212;&#8212;&#8212;&#8212;&#8212;&#8212;&#8212;&#8212;&#8212;&#8212;&#8212;&#8212;&#8212;&#8212;&#8212;&#8212;&#8212;&#8212;&#8212;&#8212;&#8212;&#8212;<\/p><p>2. Preis: <br>Alexander Pfeiffenberger und Zora H\u00fcnermann&nbsp;(B.A. Integriertes Design)<br>Titel Arbeit: Talk Time&nbsp;<br>Preisgeld: 3250\u20ac<\/p>\n<p><b>Jurybegr\u00fcndung:<\/b>&nbsp;<span style=\"color: var( --e-global-color-text ); font-family: var( --e-global-typography-text-font-family ), Sans-serif;\">Sobald man sich in der kindlich-spr\u00f6den und ungehobelten \u00c4sthetik des Animationsfilms \u201eTalk Time\u201c von Zora H\u00fcnermann und Alexander Pfeiffenberger zurechtgefunden hat, beginnen die komplex ineinandergeschachtelten Ebenen offenbar zu werden, die diesen bemerkenswerten Film ausmachen. Die Arbeit zum Anti\u00f6dipus entpuppt sich hinter der naiv wirkenden Oberfl\u00e4che als durchdachte, unterhaltsame und smart inszenierte Analyse unserer Zeit, in der Antworten auf komplexe Probleme unserer Gesellschaft immer \u00f6fter nicht L\u00f6sung, sondern Knock-out bedeuten und Systeme obsolet werden. Die glatte Welt der heutigen Popkultur wird auf ironische Weise zitiert und distanziert betrachtet \u2013 gleichzeitig macht der \u00e4sthetische Kontrast deutlich, dass es keine Distanz gibt. Mit Humor und h\u00e4ufigen, \u00fcberraschenden Wendungen wird uns Betrachtenden ein Spiegel vorgehalten und gleichzeitig der Hammer gereicht, mit dem wir diesen zerschlagen m\u00fcssen. Am Ende explodiert die Welt, wir sitzen im Dunkeln und f\u00fchlen uns trotzdem irgendwie beschwingt und heiter.<\/span><\/p><p>&nbsp;&#8212;&#8212;&#8212;&#8212;&#8212;&#8212;&#8212;&#8212;&#8212;&#8212;&#8212;&#8212;&#8212;&#8212;&#8212;&#8212;&#8212;&#8212;&#8212;&#8212;&#8212;&#8212;&#8212;&#8212;&#8212;&#8212;&#8212;&#8212;&#8212;&#8212;&#8212;&#8212;&#8212;<span style=\"color: var( --e-global-color-text ); font-family: var( --e-global-typography-text-font-family ), Sans-serif;\"><br><\/span><\/p>\n<p>3. Preis: <br>Charlett Wenig (M.A. Integriertes Design)<br>Titel Arbeit: The BoneProject<br>Preisgeld: 2750\u20ac<\/p><p><b>Jurybegr\u00fcndung:<\/b>&nbsp;<span style=\"color: var( --e-global-color-text ); font-family: var( --e-global-typography-text-font-family ), Sans-serif;\">Die Arbeit \u201eThe BoneProject\u201c von Charlett Wenig ist eine herausragende interdisziplin\u00e4re Forschungsarbeit, die erfolgreich Theorie und Praxis vereint. Durch die gestalterische und intensive Auseinandersetzung mit der Verarbeitung von Tierknochen wurden neue Materialien experimentell entwickelt und zuk\u00fcnftige Anwendungsbereiche erforscht. Dass Design als Probleml\u00f6sungsprozess eine tragende Rolle bei der interdisziplin\u00e4ren Gestaltung von Wissenspraktiken im Bereich der Naturwissenschaft spielt, hat die Arbeit au\u00dferordentlich erfolgreich auf den Punkt gebracht. Vor allem begeisterte der bodenst\u00e4ndige, stetige und neugierige Forschungsgeist der Arbeit.<\/span><\/p>\t\t\t\t\t\t\t\t<\/div>\n\t\t\t\t<\/div>\n\t\t\t\t\t<\/div>\n\t\t<\/div>\n\t\t\t\t<div class=\"elementor-column elementor-col-50 elementor-top-column elementor-element elementor-element-96c7ceb\" data-id=\"96c7ceb\" data-element_type=\"column\" data-e-type=\"column\">\n\t\t\t<div class=\"elementor-widget-wrap elementor-element-populated\">\n\t\t\t\t\t\t<div class=\"elementor-element elementor-element-e5c1ee2 elementor-widget elementor-widget-image\" data-id=\"e5c1ee2\" data-element_type=\"widget\" data-e-type=\"widget\" data-widget_type=\"image.default\">\n\t\t\t\t<div class=\"elementor-widget-container\">\n\t\t\t\t\t\t\t\t\t\t\t\t\t\t\t<img fetchpriority=\"high\" decoding=\"async\" width=\"570\" height=\"381\" src=\"https:\/\/frese-stiftung.de\/wp-content\/uploads\/2021\/09\/ja_gruppenfoto_c_eugeni.jpg\" class=\"attachment-large size-large wp-image-639\" alt=\"\" srcset=\"https:\/\/frese-stiftung.de\/wp-content\/uploads\/2021\/09\/ja_gruppenfoto_c_eugeni.jpg 570w, https:\/\/frese-stiftung.de\/wp-content\/uploads\/2021\/09\/ja_gruppenfoto_c_eugeni-300x201.jpg 300w\" sizes=\"(max-width: 570px) 100vw, 570px\" \/>\t\t\t\t\t\t\t\t\t\t\t\t\t\t\t<\/div>\n\t\t\t\t<\/div>\n\t\t\t\t<div class=\"elementor-element elementor-element-03d8a41 elementor-widget elementor-widget-image\" data-id=\"03d8a41\" data-element_type=\"widget\" data-e-type=\"widget\" data-widget_type=\"image.default\">\n\t\t\t\t<div class=\"elementor-widget-container\">\n\t\t\t\t\t\t\t\t\t\t\t\t<figure class=\"wp-caption\">\n\t\t\t\t\t\t\t\t\t\t<img decoding=\"async\" width=\"570\" height=\"380\" src=\"https:\/\/frese-stiftung.de\/wp-content\/uploads\/2021\/09\/platz_1_susan_buckow_c_eugeni.jpg\" class=\"attachment-large size-large wp-image-640\" alt=\"\" srcset=\"https:\/\/frese-stiftung.de\/wp-content\/uploads\/2021\/09\/platz_1_susan_buckow_c_eugeni.jpg 570w, https:\/\/frese-stiftung.de\/wp-content\/uploads\/2021\/09\/platz_1_susan_buckow_c_eugeni-300x200.jpg 300w\" sizes=\"(max-width: 570px) 100vw, 570px\" \/>\t\t\t\t\t\t\t\t\t\t\t<figcaption class=\"widget-image-caption wp-caption-text\">1. Preis: Susan Buckow<\/figcaption>\n\t\t\t\t\t\t\t\t\t\t<\/figure>\n\t\t\t\t\t\t\t\t\t<\/div>\n\t\t\t\t<\/div>\n\t\t\t\t<div class=\"elementor-element elementor-element-d55a726 elementor-widget elementor-widget-image\" data-id=\"d55a726\" data-element_type=\"widget\" data-e-type=\"widget\" data-widget_type=\"image.default\">\n\t\t\t\t<div class=\"elementor-widget-container\">\n\t\t\t\t\t\t\t\t\t\t\t\t<figure class=\"wp-caption\">\n\t\t\t\t\t\t\t\t\t\t<img decoding=\"async\" width=\"570\" height=\"380\" src=\"https:\/\/frese-stiftung.de\/wp-content\/uploads\/2021\/09\/platz_2_alexander_pfeiffenberger_zora_huenermann_c_eugeni.jpg\" class=\"attachment-large size-large wp-image-641\" alt=\"\" srcset=\"https:\/\/frese-stiftung.de\/wp-content\/uploads\/2021\/09\/platz_2_alexander_pfeiffenberger_zora_huenermann_c_eugeni.jpg 570w, https:\/\/frese-stiftung.de\/wp-content\/uploads\/2021\/09\/platz_2_alexander_pfeiffenberger_zora_huenermann_c_eugeni-300x200.jpg 300w\" sizes=\"(max-width: 570px) 100vw, 570px\" \/>\t\t\t\t\t\t\t\t\t\t\t<figcaption class=\"widget-image-caption wp-caption-text\">2. Preis: Alexander Pfeiffenberger und Zora H\u00fcnermann <\/figcaption>\n\t\t\t\t\t\t\t\t\t\t<\/figure>\n\t\t\t\t\t\t\t\t\t<\/div>\n\t\t\t\t<\/div>\n\t\t\t\t<div class=\"elementor-element elementor-element-246b4be elementor-widget elementor-widget-image\" data-id=\"246b4be\" data-element_type=\"widget\" data-e-type=\"widget\" data-widget_type=\"image.default\">\n\t\t\t\t<div class=\"elementor-widget-container\">\n\t\t\t\t\t\t\t\t\t\t\t\t<figure class=\"wp-caption\">\n\t\t\t\t\t\t\t\t\t\t<img loading=\"lazy\" decoding=\"async\" width=\"570\" height=\"380\" src=\"https:\/\/frese-stiftung.de\/wp-content\/uploads\/2021\/09\/platz_3_charlett_wenig_c_eugeni.jpg\" class=\"attachment-large size-large wp-image-642\" alt=\"\" srcset=\"https:\/\/frese-stiftung.de\/wp-content\/uploads\/2021\/09\/platz_3_charlett_wenig_c_eugeni.jpg 570w, https:\/\/frese-stiftung.de\/wp-content\/uploads\/2021\/09\/platz_3_charlett_wenig_c_eugeni-300x200.jpg 300w\" sizes=\"(max-width: 570px) 100vw, 570px\" \/>\t\t\t\t\t\t\t\t\t\t\t<figcaption class=\"widget-image-caption wp-caption-text\">3. Preis: Charlett Wenig<\/figcaption>\n\t\t\t\t\t\t\t\t\t\t<\/figure>\n\t\t\t\t\t\t\t\t\t<\/div>\n\t\t\t\t<\/div>\n\t\t\t\t\t<\/div>\n\t\t<\/div>\n\t\t\t\t\t<\/div>\n\t\t<\/section>\n\t\t\t\t<section class=\"elementor-section elementor-top-section elementor-element elementor-element-dbb3a25 elementor-section-boxed elementor-section-height-default elementor-section-height-default\" data-id=\"dbb3a25\" data-element_type=\"section\" data-e-type=\"section\">\n\t\t\t\t\t\t<div class=\"elementor-container elementor-column-gap-default\">\n\t\t\t\t\t<div class=\"elementor-column elementor-col-100 elementor-top-column elementor-element elementor-element-5e36dc8\" data-id=\"5e36dc8\" data-element_type=\"column\" data-e-type=\"column\">\n\t\t\t<div class=\"elementor-widget-wrap elementor-element-populated\">\n\t\t\t\t\t\t<div class=\"elementor-element elementor-element-8b8dc25 elementor-widget elementor-widget-text-editor\" data-id=\"8b8dc25\" data-element_type=\"widget\" data-e-type=\"widget\" data-widget_type=\"text-editor.default\">\n\t\t\t\t<div class=\"elementor-widget-container\">\n\t\t\t\t\t\t\t\t\t<p><b>Belobigungen:\u2028<\/b><\/p>\n<div>\n<div>Antonio Palacios: Earworm Decimators (M.A. Digitale Medien), 500\u20ac<\/div>\n<div>J\u00f6rg Riechardt: The ABC of relation (B.A. Integriertes Design), 500\u20ac<\/div>\n<div>Jonas Otto: Natural Language Processing \u2013 Data mining am Beispiel Faust I (Digitale Medien), 500\u20ac<\/div>\n<div>&nbsp;<\/div>\n<div><b>Sonderpreis:<\/b><\/div>\n<div>Carolin Pertsch<\/div>\n<div>Titel Arbeit: Seegras &#8211; Materialexperimente mit einem scheinbar \u00fcberfl\u00fcssigen Material,\u2028Preisgeld: 2000\u20ac<\/div>\n<\/div>\n<div>&nbsp;<\/div>\n<p><strong>Jury<\/strong><\/p>\n<p>David Bennewith,&nbsp;<span style=\"color: var( --e-global-color-text ); font-family: var( --e-global-typography-text-font-family ), Sans-serif;\">Grafik- und Kommunikationsdesigner, Colophon, Amsterdam<\/span><\/p>\n<p>\u2028Jasna Dimitrovska,&nbsp;<span style=\"color: var( --e-global-color-text ); font-family: var( --e-global-typography-text-font-family ), Sans-serif;\">Designerin f\u00fcr digitale Objekte und Interaktion, Berlin<\/span><\/p>\n<p>\u2028Marion Fr\u00f6hlich,&nbsp;<span style=\"color: var( --e-global-color-text ); font-family: var( --e-global-typography-text-font-family ), Sans-serif;\">SAP Innovation Center Potsdam, User Experience Team Lead, Berlin\/Potsdam<\/span><\/p>\n<p>\u2028Arnold Gevers,&nbsp;<span style=\"color: var( --e-global-color-text ); font-family: var( --e-global-typography-text-font-family ), Sans-serif;\">Modedesigner, Professur\/Dekan Mediadesign Hochschule, M\u00fcnchen<\/span><\/p>\n<p>\u2028Marlene Kettner,&nbsp;<span style=\"color: var( --e-global-color-text ); font-family: var( --e-global-typography-text-font-family ), Sans-serif;\">Interaktionsdesignerin, Berli<\/span><\/p>\t\t\t\t\t\t\t\t<\/div>\n\t\t\t\t<\/div>\n\t\t\t\t\t<\/div>\n\t\t<\/div>\n\t\t\t\t\t<\/div>\n\t\t<\/section>\n\t\t\t\t<\/div>\n\t\t<div class=\"clearfix\"><\/div>","protected":false},"excerpt":{"rendered":"<p>Frese-Design-preis 2016 Der Frese Designpreis 2016 wurde im Rahmen der Jahresausstellung der Absolventen vergeben. Die Preistr\u00e4ger:innen:&nbsp; 1. Preis:&nbsp;Susan Buckow&nbsp;(M.A. Integriertes Design)Titel Arbeit: Komische Gegenwart. Sondierungen aus der Zukunft.&nbsp;Preisgeld: 4000\u20ac Jurybegr\u00fcndung:&nbsp;Die Arbeit \u201eKomische Gegenwart. Sondierungen aus der Zukunft.\u201c von Susan Buckow nimmt uns mit auf eine visuell beeindruckende Reise. Sie l\u00e4sst uns unsere Gegenwart aus Sicht [&hellip;]<\/p>\n","protected":false},"author":2,"featured_media":0,"parent":0,"menu_order":0,"comment_status":"closed","ping_status":"closed","template":"page_page_builder.php","meta":{"footnotes":""},"class_list":["post-619","page","type-page","status-publish","hentry"],"_links":{"self":[{"href":"https:\/\/frese-stiftung.de\/index.php?rest_route=\/wp\/v2\/pages\/619","targetHints":{"allow":["GET"]}}],"collection":[{"href":"https:\/\/frese-stiftung.de\/index.php?rest_route=\/wp\/v2\/pages"}],"about":[{"href":"https:\/\/frese-stiftung.de\/index.php?rest_route=\/wp\/v2\/types\/page"}],"author":[{"embeddable":true,"href":"https:\/\/frese-stiftung.de\/index.php?rest_route=\/wp\/v2\/users\/2"}],"replies":[{"embeddable":true,"href":"https:\/\/frese-stiftung.de\/index.php?rest_route=%2Fwp%2Fv2%2Fcomments&post=619"}],"version-history":[{"count":27,"href":"https:\/\/frese-stiftung.de\/index.php?rest_route=\/wp\/v2\/pages\/619\/revisions"}],"predecessor-version":[{"id":734,"href":"https:\/\/frese-stiftung.de\/index.php?rest_route=\/wp\/v2\/pages\/619\/revisions\/734"}],"wp:attachment":[{"href":"https:\/\/frese-stiftung.de\/index.php?rest_route=%2Fwp%2Fv2%2Fmedia&parent=619"}],"curies":[{"name":"wp","href":"https:\/\/api.w.org\/{rel}","templated":true}]}}