{"id":564,"date":"2021-09-28T07:21:27","date_gmt":"2021-09-28T07:21:27","guid":{"rendered":"https:\/\/frese-stiftung.de\/?page_id=564"},"modified":"2021-09-28T10:23:14","modified_gmt":"2021-09-28T10:23:14","slug":"preistraegerinnen-2017","status":"publish","type":"page","link":"https:\/\/frese-stiftung.de\/?page_id=564","title":{"rendered":"Preistr\u00e4ger:innen 2017"},"content":{"rendered":"\t\t<div data-elementor-type=\"wp-page\" data-elementor-id=\"564\" class=\"elementor elementor-564\">\n\t\t\t\t\t\t<section class=\"elementor-section elementor-top-section elementor-element elementor-element-a729230 elementor-section-boxed elementor-section-height-default elementor-section-height-default\" data-id=\"a729230\" data-element_type=\"section\" data-e-type=\"section\">\n\t\t\t\t\t\t<div class=\"elementor-container elementor-column-gap-default\">\n\t\t\t\t\t<div class=\"elementor-column elementor-col-100 elementor-top-column elementor-element elementor-element-9378c95\" data-id=\"9378c95\" data-element_type=\"column\" data-e-type=\"column\">\n\t\t\t<div class=\"elementor-widget-wrap elementor-element-populated\">\n\t\t\t\t\t\t<div class=\"elementor-element elementor-element-71bf0a6 elementor-widget elementor-widget-heading\" data-id=\"71bf0a6\" data-element_type=\"widget\" data-e-type=\"widget\" data-widget_type=\"heading.default\">\n\t\t\t\t<div class=\"elementor-widget-container\">\n\t\t\t\t\t<h2 class=\"elementor-heading-title elementor-size-default\">Frese-Design-preis 2017<\/h2>\t\t\t\t<\/div>\n\t\t\t\t<\/div>\n\t\t\t\t\t<\/div>\n\t\t<\/div>\n\t\t\t\t\t<\/div>\n\t\t<\/section>\n\t\t\t\t<section class=\"elementor-section elementor-top-section elementor-element elementor-element-adba7ef elementor-section-boxed elementor-section-height-default elementor-section-height-default\" data-id=\"adba7ef\" data-element_type=\"section\" data-e-type=\"section\">\n\t\t\t\t\t\t<div class=\"elementor-container elementor-column-gap-default\">\n\t\t\t\t\t<div class=\"elementor-column elementor-col-50 elementor-top-column elementor-element elementor-element-bfcfe5f\" data-id=\"bfcfe5f\" data-element_type=\"column\" data-e-type=\"column\">\n\t\t\t<div class=\"elementor-widget-wrap elementor-element-populated\">\n\t\t\t\t\t\t<div class=\"elementor-element elementor-element-dc1a9d5 elementor-widget elementor-widget-text-editor\" data-id=\"dc1a9d5\" data-element_type=\"widget\" data-e-type=\"widget\" data-widget_type=\"text-editor.default\">\n\t\t\t\t<div class=\"elementor-widget-container\">\n\t\t\t\t\t\t\t\t\t<div>\n<div style=\"letter-spacing: normal;\">\n<hr>\n<p>Der Frese Designpreis 2017 wurde im Rahmen der Jahresausstellung der Absolventen vergeben.<\/p>\n<\/div>\n<div style=\"letter-spacing: normal;\">\n<p><strong><br>Die Preistr\u00e4ger:innen:<\/strong><\/p>\n<\/div>\n<p style=\"letter-spacing: normal;\">1. Preis:<br>Carolin Becker \u2028(B.A. Integriertes Design)<br>Titel Arbeit: Unerm\u00fcdlich Rastlos<br>Preisgeld: 5000\u20ac<\/p>\n<p style=\"letter-spacing: normal;\"><b>Jurybegr\u00fcndung:<\/b>&nbsp;Mit ihrer Kollektion \u201eUnerm\u00fcdlich Rastlos\u201c kreiert Carolin Becker eine Welt, in der die Betrachterinnen und Betrachter hineingezogen werden. Die Jury \u00fcberzeugt, wie die ineinandergreifende Installation den Status der Millennial-Generation reflektiert und ein starkes Statement f\u00fcr sie formuliert. Wichtige Elemente der Arbeit umfassen Themen wie Nomadentum, Dringlichkeit und das Gef\u00fchl von Heimatlosigkeit. Die Installation beinhaltet Ebenen der Medienkunst und des Modedesigns gleicherma\u00dfen und ist dabei zug\u00e4nglich aber zugleich komplex und selbstreferenziell. Die improvisierten Formen und Anordnungen der K\u00f6rper und handgefertigten Gew\u00e4nder bilden eine \u00e4sthetische Stellungnahme zu Menschlichkeit in der Mode. Carolin Becker ist Bachelorabsolventin im Studiengang Integriertes Design.<\/p><p style=\"letter-spacing: normal;\"><span style=\"letter-spacing: 0.5px;\">&nbsp;&#8212;&#8212;&#8212;&#8212;&#8212;&#8212;&#8212;&#8212;&#8212;&#8212;&#8212;&#8212;&#8212;&#8212;&#8212;&#8212;&#8212;&#8212;&#8212;&#8212;&#8212;&#8212;&#8212;&#8212;&#8212;&#8212;&#8212;&#8212;&#8212;&#8212;&#8212;&#8212;&#8212;<\/span><br><\/p>\n<p style=\"letter-spacing: normal;\">2. Preis:<br>Rebekka Weihofen&nbsp;(B.A. Integriertes Design)<br>Titel Arbeit: ES IST SCHON 4 UHR 60<br>Preisgeld: 3000\u20ac<\/p>\n<p style=\"letter-spacing: normal;\"><b>Jurybegr\u00fcndung:<\/b>&nbsp;\u201eEs ist schon 4 Uhr 60\u201c: Wenn man den dunklen Raum mit instabilem Boden erreicht, sich hinlegt und zur Decke blickt, bricht man auf in Rebekka Weihofens Welt der Tr\u00e4ume und Absurdit\u00e4ten. Die Jury lobt den intensiven immersiven Charakter der Arbeit, der es Betrachterinnen und Betrachtern erlaubt, das Werk wie einen eigenen Traum zu erleben. Das haptische Gef\u00fchl des Bodens und der Perspektivwechsel bringen die Sinne durcheinander und lassen die Besucherinnen und Besucher selbst zu Interpreten des Werks werden. Ihre Vorstellungskraft wird geweckt und ihre Aufmerksamkeit wird durch reduzierte Schwarz-Wei\u00df-Zeichnungen und bes\u00e4nftigende Kl\u00e4nge auf die unbegreifliche Natur von Tr\u00e4umen gelenkt. Rebekka Weihofen ist Bachelorabsolventin im Studiengang Integriertes Design.<\/p><p style=\"letter-spacing: normal;\"><span style=\"letter-spacing: 0.5px;\">&nbsp;&#8212;&#8212;&#8212;&#8212;&#8212;&#8212;&#8212;&#8212;&#8212;&#8212;&#8212;&#8212;&#8212;&#8212;&#8212;&#8212;&#8212;&#8212;&#8212;&#8212;&#8212;&#8212;&#8212;&#8212;&#8212;&#8212;&#8212;&#8212;&#8212;&#8212;&#8212;&#8212;&#8212;<\/span><\/p>\n<p style=\"letter-spacing: normal;\">3. Preis:<br>Clemens Gensch&nbsp;(M.A. Integriertes Design)<br>Titel Arbeit: Kartoffeleintopf mit Kartoffelersatz<br>Preisgeld: 2000\u20ac<\/p>\n<p style=\"letter-spacing: normal;\"><b>Jurybegr\u00fcndung:<\/b>&nbsp;Clemens Gensch erschafft mit \u201eKartoffeleintopf mit Kartoffelersatz\u201c einen dreidimensionalen Raum mittels zweidimensionaler, transparenter Platten, auf denen Online-Daten dargestellt werden. Die Jury hat \u00fcberzeugt, wie das Projekt physische und konzeptuelle Aspekte zusammenbringt und sich sowohl auf abstrakten wie auch konkreten Ebenen entfaltet. Seine Arbeit \u00fcbersetzt Kommunikation aus dem Internet in eine ber\u00fchrbare Form und findet dabei neue Wege, um digitale Identit\u00e4ten und ihre Ausdrucksformen in Online-Kommentaren zu hinterfragen. Sowohl der inhaltliche Ansatz wie auch die materielle Umsetzung er\u00f6ffnen vielf\u00e4ltige Perspektiven. Clemens Gensch ist Masterabsolvent im Studiengang Integriertes Design.<\/p>\n<\/div>\t\t\t\t\t\t\t\t<\/div>\n\t\t\t\t<\/div>\n\t\t\t\t\t<\/div>\n\t\t<\/div>\n\t\t\t\t<div class=\"elementor-column elementor-col-50 elementor-top-column elementor-element elementor-element-96c7ceb\" data-id=\"96c7ceb\" data-element_type=\"column\" data-e-type=\"column\">\n\t\t\t<div class=\"elementor-widget-wrap elementor-element-populated\">\n\t\t\t\t\t\t<div class=\"elementor-element elementor-element-e5c1ee2 elementor-widget elementor-widget-image\" data-id=\"e5c1ee2\" data-element_type=\"widget\" data-e-type=\"widget\" data-widget_type=\"image.default\">\n\t\t\t\t<div class=\"elementor-widget-container\">\n\t\t\t\t\t\t\t\t\t\t\t\t<figure class=\"wp-caption\">\n\t\t\t\t\t\t\t\t\t\t\t<a href=\"https:\/\/frese-stiftung.de\/wp-content\/uploads\/2021\/09\/carolin_becker_unermuedlich_rastlos.jpg\" data-elementor-open-lightbox=\"yes\" data-elementor-lightbox-title=\"carolin_becker_unermuedlich_rastlos\" data-e-action-hash=\"#elementor-action%3Aaction%3Dlightbox%26settings%3DeyJpZCI6NTk0LCJ1cmwiOiJodHRwczpcL1wvZnJlc2Utc3RpZnR1bmcuZGVcL3dwLWNvbnRlbnRcL3VwbG9hZHNcLzIwMjFcLzA5XC9jYXJvbGluX2JlY2tlcl91bmVybXVlZGxpY2hfcmFzdGxvcy5qcGcifQ%3D%3D\">\n\t\t\t\t\t\t\t<img fetchpriority=\"high\" decoding=\"async\" width=\"300\" height=\"200\" src=\"https:\/\/frese-stiftung.de\/wp-content\/uploads\/2021\/09\/carolin_becker_unermuedlich_rastlos.jpg\" class=\"attachment-large size-large wp-image-594\" alt=\"\" \/>\t\t\t\t\t\t\t\t<\/a>\n\t\t\t\t\t\t\t\t\t\t\t<figcaption class=\"widget-image-caption wp-caption-text\">1.Preis: Carolin Becker<\/figcaption>\n\t\t\t\t\t\t\t\t\t\t<\/figure>\n\t\t\t\t\t\t\t\t\t<\/div>\n\t\t\t\t<\/div>\n\t\t\t\t<div class=\"elementor-element elementor-element-cb42d4c elementor-widget elementor-widget-image\" data-id=\"cb42d4c\" data-element_type=\"widget\" data-e-type=\"widget\" data-widget_type=\"image.default\">\n\t\t\t\t<div class=\"elementor-widget-container\">\n\t\t\t\t\t\t\t\t\t\t\t\t<figure class=\"wp-caption\">\n\t\t\t\t\t\t\t\t\t\t\t<a href=\"https:\/\/frese-stiftung.de\/wp-content\/uploads\/2021\/09\/2._preis_-_rebekka_weihofen_c_christina_stohn_neu.jpg\" data-elementor-open-lightbox=\"yes\" data-elementor-lightbox-title=\"2._preis_-_rebekka_weihofen_c_christina_stohn_neu\" data-e-action-hash=\"#elementor-action%3Aaction%3Dlightbox%26settings%3DeyJpZCI6NTkyLCJ1cmwiOiJodHRwczpcL1wvZnJlc2Utc3RpZnR1bmcuZGVcL3dwLWNvbnRlbnRcL3VwbG9hZHNcLzIwMjFcLzA5XC8yLl9wcmVpc18tX3JlYmVra2Ffd2VpaG9mZW5fY19jaHJpc3RpbmFfc3RvaG5fbmV1LmpwZyJ9\">\n\t\t\t\t\t\t\t<img decoding=\"async\" width=\"300\" height=\"200\" src=\"https:\/\/frese-stiftung.de\/wp-content\/uploads\/2021\/09\/2._preis_-_rebekka_weihofen_c_christina_stohn_neu.jpg\" class=\"attachment-large size-large wp-image-592\" alt=\"\" \/>\t\t\t\t\t\t\t\t<\/a>\n\t\t\t\t\t\t\t\t\t\t\t<figcaption class=\"widget-image-caption wp-caption-text\">2. Preis: Rebekka Weihofen<\/figcaption>\n\t\t\t\t\t\t\t\t\t\t<\/figure>\n\t\t\t\t\t\t\t\t\t<\/div>\n\t\t\t\t<\/div>\n\t\t\t\t<div class=\"elementor-element elementor-element-2308cb5 elementor-widget elementor-widget-image\" data-id=\"2308cb5\" data-element_type=\"widget\" data-e-type=\"widget\" data-widget_type=\"image.default\">\n\t\t\t\t<div class=\"elementor-widget-container\">\n\t\t\t\t\t\t\t\t\t\t\t\t<figure class=\"wp-caption\">\n\t\t\t\t\t\t\t\t\t\t\t<a href=\"https:\/\/frese-stiftung.de\/wp-content\/uploads\/2021\/09\/3._preis_-_clemens_gensch_c_christina_stohn_neu.jpg\" data-elementor-open-lightbox=\"yes\" data-elementor-lightbox-title=\"3._preis_-_clemens_gensch_c_christina_stohn_neu\" data-e-action-hash=\"#elementor-action%3Aaction%3Dlightbox%26settings%3DeyJpZCI6NTkzLCJ1cmwiOiJodHRwczpcL1wvZnJlc2Utc3RpZnR1bmcuZGVcL3dwLWNvbnRlbnRcL3VwbG9hZHNcLzIwMjFcLzA5XC8zLl9wcmVpc18tX2NsZW1lbnNfZ2Vuc2NoX2NfY2hyaXN0aW5hX3N0b2huX25ldS5qcGcifQ%3D%3D\">\n\t\t\t\t\t\t\t<img decoding=\"async\" width=\"300\" height=\"457\" src=\"https:\/\/frese-stiftung.de\/wp-content\/uploads\/2021\/09\/3._preis_-_clemens_gensch_c_christina_stohn_neu.jpg\" class=\"attachment-large size-large wp-image-593\" alt=\"\" srcset=\"https:\/\/frese-stiftung.de\/wp-content\/uploads\/2021\/09\/3._preis_-_clemens_gensch_c_christina_stohn_neu.jpg 300w, https:\/\/frese-stiftung.de\/wp-content\/uploads\/2021\/09\/3._preis_-_clemens_gensch_c_christina_stohn_neu-197x300.jpg 197w\" sizes=\"(max-width: 300px) 100vw, 300px\" \/>\t\t\t\t\t\t\t\t<\/a>\n\t\t\t\t\t\t\t\t\t\t\t<figcaption class=\"widget-image-caption wp-caption-text\">3.Preis: Clemens Gensch<\/figcaption>\n\t\t\t\t\t\t\t\t\t\t<\/figure>\n\t\t\t\t\t\t\t\t\t<\/div>\n\t\t\t\t<\/div>\n\t\t\t\t\t<\/div>\n\t\t<\/div>\n\t\t\t\t\t<\/div>\n\t\t<\/section>\n\t\t\t\t<section class=\"elementor-section elementor-top-section elementor-element elementor-element-dbb3a25 elementor-section-boxed elementor-section-height-default elementor-section-height-default\" data-id=\"dbb3a25\" data-element_type=\"section\" data-e-type=\"section\">\n\t\t\t\t\t\t<div class=\"elementor-container elementor-column-gap-default\">\n\t\t\t\t\t<div class=\"elementor-column elementor-col-100 elementor-top-column elementor-element elementor-element-5e36dc8\" data-id=\"5e36dc8\" data-element_type=\"column\" data-e-type=\"column\">\n\t\t\t<div class=\"elementor-widget-wrap elementor-element-populated\">\n\t\t\t\t\t\t<div class=\"elementor-element elementor-element-8b8dc25 elementor-widget elementor-widget-text-editor\" data-id=\"8b8dc25\" data-element_type=\"widget\" data-e-type=\"widget\" data-widget_type=\"text-editor.default\">\n\t\t\t\t<div class=\"elementor-widget-container\">\n\t\t\t\t\t\t\t\t\t<p><strong>Belobigungen:\u2028<\/strong><\/p><div>Elburuz Fidan: At the curve of the present (B.A. Integriertes Design), 500\u20ac<br \/>Ariane Litmeyer: Rebellious Rendezvous (B.A. Integriertes Design), 500\u20ac<br \/>Mathias Lam: Infinite Identities (M.A. Digitale Medien), 500\u20ac<\/div><div>\u00a0<\/div><p><strong>Jury<\/strong><\/p><p><span style=\"color: var( --e-global-color-text ); font-family: var( --e-global-typography-text-font-family ), Sans-serif;\">Simon Michel,\u00a0<\/span><span style=\"color: var( --e-global-color-text ); font-family: var( --e-global-typography-text-font-family ), Sans-serif;\">selbstst\u00e4ndiger Produktdesigner mit Schwerpunkt auf Industrial Design, Interior Design und 3-D Modeling<\/span><span style=\"color: var( --e-global-color-text ); font-family: var( --e-global-typography-text-font-family ), Sans-serif;\">Liliana Cacopardo<\/span><\/p><p>Julia von Leliwa,\u00a0<span style=\"color: var( --e-global-color-text ); font-family: var( --e-global-typography-text-font-family ), Sans-serif;\">international als Kost\u00fcmbildnerin und Modedesignerin t\u00e4tig, arbeitet mit Theatermacher*innen und K\u00fcnstler*innen wie bsp. Viktor &amp; Rolf oder Robert Wilson<\/span><\/p><p>Bardhi Haliti,\u00a0<span style=\"color: var( --e-global-color-text ); font-family: var( --e-global-typography-text-font-family ), Sans-serif;\">Grafikdesigner und Organisator der REDO Design Konferenz, die 2017 in Amsterdam stattfindet<\/span><\/p><p>Marie du Chastel,\u00a0<span style=\"color: var( --e-global-color-text ); font-family: var( --e-global-typography-text-font-family ), Sans-serif;\">Kuratorin von KIKK, eines der bedeutendsten Festivals f\u00fcr Technologie und Digital- und Kreativkultur in Belgien<\/span><\/p><p>Prof. Andreas Broeckmann,\u00a0<span style=\"color: var( --e-global-color-text ); font-family: var( --e-global-typography-text-font-family ), Sans-serif;\">Medien- und Kunstwissenschaftler sowie Gr\u00fcnder und langj\u00e4hriger Kurator der Transmediale Berlin<\/span><\/p><p>Stephan Jeep,\u00a0<span style=\"color: var( --e-global-color-text ); font-family: var( --e-global-typography-text-font-family ), Sans-serif;\">Bremer K\u00fcnstler und Kulturmanager im Verein 23, Tr\u00e4ger des G\u00fcterbahnhofs und des K\u00fcnstlerhauses Bremen<\/span><\/p>\t\t\t\t\t\t\t\t<\/div>\n\t\t\t\t<\/div>\n\t\t\t\t\t<\/div>\n\t\t<\/div>\n\t\t\t\t\t<\/div>\n\t\t<\/section>\n\t\t\t\t<\/div>\n\t\t<div class=\"clearfix\"><\/div>","protected":false},"excerpt":{"rendered":"<p>Frese-Design-preis 2017 Der Frese Designpreis 2017 wurde im Rahmen der Jahresausstellung der Absolventen vergeben. Die Preistr\u00e4ger:innen: 1. Preis:Carolin Becker \u2028(B.A. Integriertes Design)Titel Arbeit: Unerm\u00fcdlich RastlosPreisgeld: 5000\u20ac Jurybegr\u00fcndung:&nbsp;Mit ihrer Kollektion \u201eUnerm\u00fcdlich Rastlos\u201c kreiert Carolin Becker eine Welt, in der die Betrachterinnen und Betrachter hineingezogen werden. Die Jury \u00fcberzeugt, wie die ineinandergreifende Installation den Status der Millennial-Generation [&hellip;]<\/p>\n","protected":false},"author":2,"featured_media":0,"parent":0,"menu_order":0,"comment_status":"closed","ping_status":"closed","template":"page_page_builder.php","meta":{"footnotes":""},"class_list":["post-564","page","type-page","status-publish","hentry"],"_links":{"self":[{"href":"https:\/\/frese-stiftung.de\/index.php?rest_route=\/wp\/v2\/pages\/564","targetHints":{"allow":["GET"]}}],"collection":[{"href":"https:\/\/frese-stiftung.de\/index.php?rest_route=\/wp\/v2\/pages"}],"about":[{"href":"https:\/\/frese-stiftung.de\/index.php?rest_route=\/wp\/v2\/types\/page"}],"author":[{"embeddable":true,"href":"https:\/\/frese-stiftung.de\/index.php?rest_route=\/wp\/v2\/users\/2"}],"replies":[{"embeddable":true,"href":"https:\/\/frese-stiftung.de\/index.php?rest_route=%2Fwp%2Fv2%2Fcomments&post=564"}],"version-history":[{"count":55,"href":"https:\/\/frese-stiftung.de\/index.php?rest_route=\/wp\/v2\/pages\/564\/revisions"}],"predecessor-version":[{"id":737,"href":"https:\/\/frese-stiftung.de\/index.php?rest_route=\/wp\/v2\/pages\/564\/revisions\/737"}],"wp:attachment":[{"href":"https:\/\/frese-stiftung.de\/index.php?rest_route=%2Fwp%2Fv2%2Fmedia&parent=564"}],"curies":[{"name":"wp","href":"https:\/\/api.w.org\/{rel}","templated":true}]}}