{"id":513,"date":"2021-09-27T16:53:32","date_gmt":"2021-09-27T16:53:32","guid":{"rendered":"https:\/\/frese-stiftung.de\/?page_id=513"},"modified":"2021-09-28T07:37:38","modified_gmt":"2021-09-28T07:37:38","slug":"stiftungszweck","status":"publish","type":"page","link":"https:\/\/frese-stiftung.de\/?page_id=513","title":{"rendered":"Stiftungszweck"},"content":{"rendered":"\t\t<div data-elementor-type=\"wp-post\" data-elementor-id=\"513\" class=\"elementor elementor-513\">\n\t\t\t\t\t\t<section class=\"elementor-section elementor-top-section elementor-element elementor-element-6fbd27d elementor-section-boxed elementor-section-height-default elementor-section-height-default\" data-id=\"6fbd27d\" data-element_type=\"section\" data-e-type=\"section\">\n\t\t\t\t\t\t<div class=\"elementor-container elementor-column-gap-default\">\n\t\t\t\t\t<div class=\"elementor-column elementor-col-100 elementor-top-column elementor-element elementor-element-2eade02\" data-id=\"2eade02\" data-element_type=\"column\" data-e-type=\"column\">\n\t\t\t<div class=\"elementor-widget-wrap elementor-element-populated\">\n\t\t\t\t\t\t<div class=\"elementor-element elementor-element-a948500 elementor-arrows-position-inside elementor-pagination-position-outside elementor-widget elementor-widget-image-carousel\" data-id=\"a948500\" data-element_type=\"widget\" data-e-type=\"widget\" data-settings=\"{&quot;slides_to_show&quot;:&quot;1&quot;,&quot;navigation&quot;:&quot;both&quot;,&quot;autoplay&quot;:&quot;yes&quot;,&quot;pause_on_hover&quot;:&quot;yes&quot;,&quot;pause_on_interaction&quot;:&quot;yes&quot;,&quot;autoplay_speed&quot;:5000,&quot;infinite&quot;:&quot;yes&quot;,&quot;effect&quot;:&quot;slide&quot;,&quot;speed&quot;:500}\" data-widget_type=\"image-carousel.default\">\n\t\t\t\t<div class=\"elementor-widget-container\">\n\t\t\t\t\t\t\t<div class=\"elementor-image-carousel-wrapper swiper\" role=\"region\" aria-roledescription=\"carousel\" aria-label=\"Bild Karussell\" dir=\"ltr\">\n\t\t\t<div class=\"elementor-image-carousel swiper-wrapper\" aria-live=\"off\">\n\t\t\t\t\t\t\t\t<div class=\"swiper-slide\" role=\"group\" aria-roledescription=\"slide\" aria-label=\"1 von 3\"><figure class=\"swiper-slide-inner\"><img decoding=\"async\" class=\"swiper-slide-image\" src=\"https:\/\/frese-stiftung.de\/wp-content\/uploads\/2021\/09\/IMG_9215-1024x683.jpg\" alt=\"IMG_9215\" \/><\/figure><\/div><div class=\"swiper-slide\" role=\"group\" aria-roledescription=\"slide\" aria-label=\"2 von 3\"><figure class=\"swiper-slide-inner\"><img decoding=\"async\" class=\"swiper-slide-image\" src=\"https:\/\/frese-stiftung.de\/wp-content\/uploads\/2021\/09\/IMG_9341-1024x683.jpg\" alt=\"IMG_9341\" \/><\/figure><\/div><div class=\"swiper-slide\" role=\"group\" aria-roledescription=\"slide\" aria-label=\"3 von 3\"><figure class=\"swiper-slide-inner\"><img decoding=\"async\" class=\"swiper-slide-image\" src=\"https:\/\/frese-stiftung.de\/wp-content\/uploads\/2021\/09\/IMG_9199-1024x683.jpg\" alt=\"IMG_9199\" \/><\/figure><\/div>\t\t\t<\/div>\n\t\t\t\t\t\t\t\t\t\t\t\t<div class=\"elementor-swiper-button elementor-swiper-button-prev\" role=\"button\" tabindex=\"0\">\n\t\t\t\t\t\t<i aria-hidden=\"true\" class=\"eicon-chevron-left\"><\/i>\t\t\t\t\t<\/div>\n\t\t\t\t\t<div class=\"elementor-swiper-button elementor-swiper-button-next\" role=\"button\" tabindex=\"0\">\n\t\t\t\t\t\t<i aria-hidden=\"true\" class=\"eicon-chevron-right\"><\/i>\t\t\t\t\t<\/div>\n\t\t\t\t\n\t\t\t\t\t\t\t\t\t<div class=\"swiper-pagination\"><\/div>\n\t\t\t\t\t\t\t\t\t<\/div>\n\t\t\t\t\t\t<\/div>\n\t\t\t\t<\/div>\n\t\t\t\t\t<\/div>\n\t\t<\/div>\n\t\t\t\t\t<\/div>\n\t\t<\/section>\n\t\t\t\t<section class=\"elementor-section elementor-top-section elementor-element elementor-element-a69d15d elementor-section-boxed elementor-section-height-default elementor-section-height-default\" data-id=\"a69d15d\" data-element_type=\"section\" data-e-type=\"section\">\n\t\t\t\t\t\t<div class=\"elementor-container elementor-column-gap-default\">\n\t\t\t\t\t<div class=\"elementor-column elementor-col-100 elementor-top-column elementor-element elementor-element-1c6f5a1\" data-id=\"1c6f5a1\" data-element_type=\"column\" data-e-type=\"column\">\n\t\t\t<div class=\"elementor-widget-wrap elementor-element-populated\">\n\t\t\t\t\t\t<div class=\"elementor-element elementor-element-4e8e746 elementor-widget elementor-widget-text-editor\" data-id=\"4e8e746\" data-element_type=\"widget\" data-e-type=\"widget\" data-widget_type=\"text-editor.default\">\n\t\t\t\t<div class=\"elementor-widget-container\">\n\t\t\t\t\t\t\t\t\t<p>Es ist der Petra und Dieter Frese-Stiftung ein gro\u00dfes Anliegen, den Nachwuchs zu f\u00f6rdern und damit bundesweit und international gefragte ,Probleml\u00f6ser*innen made in Bremen\u2018 auszubilden.\u201c<\/p><p>F\u00fcr dieen Zweck ist die Stiftung eine Kooperation mit der HfK Bremen eingegangen und vergibt seit 2014 den Frese-Design-Preis an Abssolventen aus dem Bereich Design. Dieser mit 10.000 Euro dotierte Preis wird seitdem j\u00e4hrlich im Rahmen vergeben. F\u00fcr die Preisfindung wird eine Fachjury zusammengestellt.<\/p><p>Dar\u00fcber hinaus wurde zwischen der HfK und der Stiftung im Januar 2020 ein Vertrag \u00fcber eine Stiftungsprofessur (50%) im Bereich Design f\u00fcr die kommenden f\u00fcnf Jahre geschlossen.Stiftung und Hochschule sind \u00fcbereinstimmend der Auffassung, dass die Zusammenarbeit eine Erfolgsgeschichte darstellt, von der beide Seiten profitieren. Diese Kooperation gilt es, in den n\u00e4chsten Jahren, fortzusetzen und<br \/>auszubauen.<\/p>\t\t\t\t\t\t\t\t<\/div>\n\t\t\t\t<\/div>\n\t\t\t\t\t<\/div>\n\t\t<\/div>\n\t\t\t\t\t<\/div>\n\t\t<\/section>\n\t\t\t\t<\/div>\n\t\t<div class=\"clearfix\"><\/div>","protected":false},"excerpt":{"rendered":"<p>Zur\u00fcck Weiter Es ist der Petra und Dieter Frese-Stiftung ein gro\u00dfes Anliegen, den Nachwuchs zu f\u00f6rdern und damit bundesweit und international gefragte ,Probleml\u00f6ser*innen made in Bremen\u2018 auszubilden.\u201c F\u00fcr dieen Zweck ist die Stiftung eine Kooperation mit der HfK Bremen eingegangen und vergibt seit 2014 den Frese-Design-Preis an Abssolventen aus dem Bereich Design. Dieser mit 10.000 [&hellip;]<\/p>\n","protected":false},"author":1,"featured_media":0,"parent":0,"menu_order":0,"comment_status":"closed","ping_status":"closed","template":"page_page_builder.php","meta":{"footnotes":""},"class_list":["post-513","page","type-page","status-publish","hentry"],"_links":{"self":[{"href":"https:\/\/frese-stiftung.de\/index.php?rest_route=\/wp\/v2\/pages\/513","targetHints":{"allow":["GET"]}}],"collection":[{"href":"https:\/\/frese-stiftung.de\/index.php?rest_route=\/wp\/v2\/pages"}],"about":[{"href":"https:\/\/frese-stiftung.de\/index.php?rest_route=\/wp\/v2\/types\/page"}],"author":[{"embeddable":true,"href":"https:\/\/frese-stiftung.de\/index.php?rest_route=\/wp\/v2\/users\/1"}],"replies":[{"embeddable":true,"href":"https:\/\/frese-stiftung.de\/index.php?rest_route=%2Fwp%2Fv2%2Fcomments&post=513"}],"version-history":[{"count":28,"href":"https:\/\/frese-stiftung.de\/index.php?rest_route=\/wp\/v2\/pages\/513\/revisions"}],"predecessor-version":[{"id":573,"href":"https:\/\/frese-stiftung.de\/index.php?rest_route=\/wp\/v2\/pages\/513\/revisions\/573"}],"wp:attachment":[{"href":"https:\/\/frese-stiftung.de\/index.php?rest_route=%2Fwp%2Fv2%2Fmedia&parent=513"}],"curies":[{"name":"wp","href":"https:\/\/api.w.org\/{rel}","templated":true}]}}