{"id":501,"date":"2021-09-27T16:46:12","date_gmt":"2021-09-27T16:46:12","guid":{"rendered":"https:\/\/frese-stiftung.de\/?page_id=501"},"modified":"2024-11-20T09:14:37","modified_gmt":"2024-11-20T09:14:37","slug":"der-stifter","status":"publish","type":"page","link":"https:\/\/frese-stiftung.de\/?page_id=501","title":{"rendered":"Der Stifter"},"content":{"rendered":"\t\t<div data-elementor-type=\"wp-post\" data-elementor-id=\"501\" class=\"elementor elementor-501\">\n\t\t\t\t\t\t<section class=\"elementor-section elementor-top-section elementor-element elementor-element-9014a12 elementor-section-boxed elementor-section-height-default elementor-section-height-default\" data-id=\"9014a12\" data-element_type=\"section\" data-e-type=\"section\">\n\t\t\t\t\t\t<div class=\"elementor-container elementor-column-gap-default\">\n\t\t\t\t\t<div class=\"elementor-column elementor-col-50 elementor-top-column elementor-element elementor-element-5fad331\" data-id=\"5fad331\" data-element_type=\"column\" data-e-type=\"column\">\n\t\t\t<div class=\"elementor-widget-wrap elementor-element-populated\">\n\t\t\t\t\t\t<div class=\"elementor-element elementor-element-8044322 elementor-widget elementor-widget-image\" data-id=\"8044322\" data-element_type=\"widget\" data-e-type=\"widget\" data-widget_type=\"image.default\">\n\t\t\t\t<div class=\"elementor-widget-container\">\n\t\t\t\t\t\t\t\t\t\t\t\t\t\t\t<img fetchpriority=\"high\" decoding=\"async\" width=\"952\" height=\"1024\" src=\"https:\/\/frese-stiftung.de\/wp-content\/uploads\/2021\/09\/der_stifter-952x1024.jpg\" class=\"attachment-large size-large wp-image-502\" alt=\"\" srcset=\"https:\/\/frese-stiftung.de\/wp-content\/uploads\/2021\/09\/der_stifter-952x1024.jpg 952w, https:\/\/frese-stiftung.de\/wp-content\/uploads\/2021\/09\/der_stifter-279x300.jpg 279w, https:\/\/frese-stiftung.de\/wp-content\/uploads\/2021\/09\/der_stifter-768x826.jpg 768w, https:\/\/frese-stiftung.de\/wp-content\/uploads\/2021\/09\/der_stifter-1429x1536.jpg 1429w, https:\/\/frese-stiftung.de\/wp-content\/uploads\/2021\/09\/der_stifter.jpg 1465w\" sizes=\"(max-width: 952px) 100vw, 952px\" \/>\t\t\t\t\t\t\t\t\t\t\t\t\t\t\t<\/div>\n\t\t\t\t<\/div>\n\t\t\t\t\t<\/div>\n\t\t<\/div>\n\t\t\t\t<div class=\"elementor-column elementor-col-50 elementor-top-column elementor-element elementor-element-c15ada6\" data-id=\"c15ada6\" data-element_type=\"column\" data-e-type=\"column\">\n\t\t\t<div class=\"elementor-widget-wrap elementor-element-populated\">\n\t\t\t\t\t\t<div class=\"elementor-element elementor-element-155315f elementor-widget elementor-widget-text-editor\" data-id=\"155315f\" data-element_type=\"widget\" data-e-type=\"widget\" data-widget_type=\"text-editor.default\">\n\t\t\t\t<div class=\"elementor-widget-container\">\n\t\t\t\t\t\t\t\t\t<p>Der gelernte Gro\u00dfhandelskaufmann Dieter Frese wurde 1943 geboren. In den 1970er Jahren gr\u00fcndete er mit Manfred B\u00fcnger ein Fachgesch\u00e4ft f\u00fcr Schwimmbad- und Saunabau in der Bremer Innenstadt. Frese und B\u00fcnger wurden im Schwimmbadmarkt dann im Gro\u00dfhandel aktiv und sie gr\u00fcndeten mit <strong><a href=\"https:\/\/www.schwimmbad.de\/hersteller\/buengerfrese-gmbh\/\" target=\"_blank\" rel=\"noreferrer noopener\" aria-label=\"B\u00fcnger &amp; Frese (opens in a new tab)\">B\u00fcnger &amp; Frese<\/a><\/strong> den ersten Schwimmbad-Gro\u00dfhandel in Deutschland. 1978 verlegte die Firma ihren Sitz nach Achim bei Bremen.<\/p>\t\t\t\t\t\t\t\t<\/div>\n\t\t\t\t<\/div>\n\t\t\t\t<div class=\"elementor-element elementor-element-af7f875 elementor-widget elementor-widget-text-editor\" data-id=\"af7f875\" data-element_type=\"widget\" data-e-type=\"widget\" data-widget_type=\"text-editor.default\">\n\t\t\t\t<div class=\"elementor-widget-container\">\n\t\t\t\t\t\t\t\t\t<p>Die Petra und Dieter Frese-Stiftung wurde 2012 in Bremen gegr\u00fcndet. Ihre kontinuierliche Kunst- und Kulturf\u00f6rderung Bremer Kulturinstitutionen und freischaffender K\u00fcnstler*innen im Lande Bremen fand im Jahr 2014 einen besonderen H\u00f6hepunkt in der Auslobung des Design-Preises in Kooperation mit der Hochschule f\u00fcr K\u00fcnste Bremen. <\/p><p>\u00a0<\/p><p><em>Zeichnung: Felicitas Blech<\/em><\/p>\t\t\t\t\t\t\t\t<\/div>\n\t\t\t\t<\/div>\n\t\t\t\t\t<\/div>\n\t\t<\/div>\n\t\t\t\t\t<\/div>\n\t\t<\/section>\n\t\t\t\t<\/div>\n\t\t<div class=\"clearfix\"><\/div>","protected":false},"excerpt":{"rendered":"<p>Der gelernte Gro\u00dfhandelskaufmann Dieter Frese wurde 1943 geboren. In den 1970er Jahren gr\u00fcndete er mit Manfred B\u00fcnger ein Fachgesch\u00e4ft f\u00fcr Schwimmbad- und Saunabau in der Bremer Innenstadt. Frese und B\u00fcnger wurden im Schwimmbadmarkt dann im Gro\u00dfhandel aktiv und sie gr\u00fcndeten mit B\u00fcnger &amp; Frese den ersten Schwimmbad-Gro\u00dfhandel in Deutschland. 1978 verlegte die Firma ihren Sitz [&hellip;]<\/p>\n","protected":false},"author":1,"featured_media":0,"parent":0,"menu_order":0,"comment_status":"closed","ping_status":"closed","template":"page_page_builder.php","meta":{"footnotes":""},"class_list":["post-501","page","type-page","status-publish","hentry"],"_links":{"self":[{"href":"https:\/\/frese-stiftung.de\/index.php?rest_route=\/wp\/v2\/pages\/501","targetHints":{"allow":["GET"]}}],"collection":[{"href":"https:\/\/frese-stiftung.de\/index.php?rest_route=\/wp\/v2\/pages"}],"about":[{"href":"https:\/\/frese-stiftung.de\/index.php?rest_route=\/wp\/v2\/types\/page"}],"author":[{"embeddable":true,"href":"https:\/\/frese-stiftung.de\/index.php?rest_route=\/wp\/v2\/users\/1"}],"replies":[{"embeddable":true,"href":"https:\/\/frese-stiftung.de\/index.php?rest_route=%2Fwp%2Fv2%2Fcomments&post=501"}],"version-history":[{"count":19,"href":"https:\/\/frese-stiftung.de\/index.php?rest_route=\/wp\/v2\/pages\/501\/revisions"}],"predecessor-version":[{"id":1106,"href":"https:\/\/frese-stiftung.de\/index.php?rest_route=\/wp\/v2\/pages\/501\/revisions\/1106"}],"wp:attachment":[{"href":"https:\/\/frese-stiftung.de\/index.php?rest_route=%2Fwp%2Fv2%2Fmedia&parent=501"}],"curies":[{"name":"wp","href":"https:\/\/api.w.org\/{rel}","templated":true}]}}