{"id":420,"date":"2019-07-27T15:54:42","date_gmt":"2019-07-27T15:54:42","guid":{"rendered":"https:\/\/frese-stiftung.de\/?page_id=420"},"modified":"2021-09-28T09:16:55","modified_gmt":"2021-09-28T09:16:55","slug":"preistraegerinnen-2019","status":"publish","type":"page","link":"https:\/\/frese-stiftung.de\/?page_id=420","title":{"rendered":"Preistr\u00e4ger:innen 2019"},"content":{"rendered":"\t\t<div data-elementor-type=\"wp-page\" data-elementor-id=\"420\" class=\"elementor elementor-420\">\n\t\t\t\t\t\t<section class=\"elementor-section elementor-top-section elementor-element elementor-element-a729230 elementor-section-boxed elementor-section-height-default elementor-section-height-default\" data-id=\"a729230\" data-element_type=\"section\" data-e-type=\"section\">\n\t\t\t\t\t\t<div class=\"elementor-container elementor-column-gap-default\">\n\t\t\t\t\t<div class=\"elementor-column elementor-col-100 elementor-top-column elementor-element elementor-element-9378c95\" data-id=\"9378c95\" data-element_type=\"column\" data-e-type=\"column\">\n\t\t\t<div class=\"elementor-widget-wrap elementor-element-populated\">\n\t\t\t\t\t\t<div class=\"elementor-element elementor-element-71bf0a6 elementor-widget elementor-widget-heading\" data-id=\"71bf0a6\" data-element_type=\"widget\" data-e-type=\"widget\" data-widget_type=\"heading.default\">\n\t\t\t\t<div class=\"elementor-widget-container\">\n\t\t\t\t\t<h2 class=\"elementor-heading-title elementor-size-default\">Frese-Design-preis 2019<\/h2>\t\t\t\t<\/div>\n\t\t\t\t<\/div>\n\t\t\t\t\t<\/div>\n\t\t<\/div>\n\t\t\t\t\t<\/div>\n\t\t<\/section>\n\t\t\t\t<section class=\"elementor-section elementor-top-section elementor-element elementor-element-adba7ef elementor-section-boxed elementor-section-height-default elementor-section-height-default\" data-id=\"adba7ef\" data-element_type=\"section\" data-e-type=\"section\">\n\t\t\t\t\t\t<div class=\"elementor-container elementor-column-gap-default\">\n\t\t\t\t\t<div class=\"elementor-column elementor-col-50 elementor-top-column elementor-element elementor-element-bfcfe5f\" data-id=\"bfcfe5f\" data-element_type=\"column\" data-e-type=\"column\">\n\t\t\t<div class=\"elementor-widget-wrap elementor-element-populated\">\n\t\t\t\t\t\t<div class=\"elementor-element elementor-element-dc1a9d5 elementor-widget elementor-widget-text-editor\" data-id=\"dc1a9d5\" data-element_type=\"widget\" data-e-type=\"widget\" data-widget_type=\"text-editor.default\">\n\t\t\t\t<div class=\"elementor-widget-container\">\n\t\t\t\t\t\t\t\t\t<div>Der Frese Designpreis 2019 wurde im Rahmen der Jahresausstellung der Absolventen vergeben.<\/div><div><p><strong><br \/>Die Preistr\u00e4ger:innen:<\/strong><\/p><p>\u00a0<\/p><\/div><p>1. Preis: <br \/>Saskia van der Meer <br \/>(B.A. Integriertes Design)<br \/>Titel Arbeit: Sei nicht Albern Einstein! \u2013 \u00dcber Albernheiten<br \/>Preisgeld: 5000\u20ac<\/p><p>2. Preis: <br \/>Birte Manz <br \/>(M.A. Integriertes Design)<br \/>Titel Arbeit: SICKMAN Knitwear<br \/>Preisgeld: 3000\u20ac<\/p><p>3. Preis: <br \/>Felix Fisgus <br \/>(B.A. Digitale Medien)<br \/>Titel Arbeit: Fizzi<br \/>Preisgeld: 2000\u20ac<\/p>\t\t\t\t\t\t\t\t<\/div>\n\t\t\t\t<\/div>\n\t\t\t\t\t<\/div>\n\t\t<\/div>\n\t\t\t\t<div class=\"elementor-column elementor-col-50 elementor-top-column elementor-element elementor-element-96c7ceb\" data-id=\"96c7ceb\" data-element_type=\"column\" data-e-type=\"column\">\n\t\t\t<div class=\"elementor-widget-wrap elementor-element-populated\">\n\t\t\t\t\t\t<div class=\"elementor-element elementor-element-e5c1ee2 elementor-widget elementor-widget-image\" data-id=\"e5c1ee2\" data-element_type=\"widget\" data-e-type=\"widget\" data-widget_type=\"image.default\">\n\t\t\t\t<div class=\"elementor-widget-container\">\n\t\t\t\t\t\t\t\t\t\t\t\t\t\t\t<img fetchpriority=\"high\" decoding=\"async\" width=\"960\" height=\"640\" src=\"https:\/\/frese-stiftung.de\/wp-content\/uploads\/2019\/07\/1_Platz_hfk-Fresepreis-018-Saskia-van-der-Meer-1024x683.jpg\" class=\"attachment-large size-large wp-image-433\" alt=\"\" srcset=\"https:\/\/frese-stiftung.de\/wp-content\/uploads\/2019\/07\/1_Platz_hfk-Fresepreis-018-Saskia-van-der-Meer-1024x683.jpg 1024w, https:\/\/frese-stiftung.de\/wp-content\/uploads\/2019\/07\/1_Platz_hfk-Fresepreis-018-Saskia-van-der-Meer-300x200.jpg 300w, https:\/\/frese-stiftung.de\/wp-content\/uploads\/2019\/07\/1_Platz_hfk-Fresepreis-018-Saskia-van-der-Meer-768x512.jpg 768w, https:\/\/frese-stiftung.de\/wp-content\/uploads\/2019\/07\/1_Platz_hfk-Fresepreis-018-Saskia-van-der-Meer-1536x1025.jpg 1536w, https:\/\/frese-stiftung.de\/wp-content\/uploads\/2019\/07\/1_Platz_hfk-Fresepreis-018-Saskia-van-der-Meer.jpg 2000w\" sizes=\"(max-width: 960px) 100vw, 960px\" \/>\t\t\t\t\t\t\t\t\t\t\t\t\t\t\t<\/div>\n\t\t\t\t<\/div>\n\t\t\t\t\t<\/div>\n\t\t<\/div>\n\t\t\t\t\t<\/div>\n\t\t<\/section>\n\t\t\t\t<section class=\"elementor-section elementor-top-section elementor-element elementor-element-a9ce8b8 elementor-section-boxed elementor-section-height-default elementor-section-height-default\" data-id=\"a9ce8b8\" data-element_type=\"section\" data-e-type=\"section\">\n\t\t\t\t\t\t<div class=\"elementor-container elementor-column-gap-default\">\n\t\t\t\t\t<div class=\"elementor-column elementor-col-100 elementor-top-column elementor-element elementor-element-124715f\" data-id=\"124715f\" data-element_type=\"column\" data-e-type=\"column\">\n\t\t\t<div class=\"elementor-widget-wrap elementor-element-populated\">\n\t\t\t\t\t\t<div class=\"elementor-element elementor-element-a31a3e7 elementor-widget elementor-widget-ebor-portfolio-block\" data-id=\"a31a3e7\" data-element_type=\"widget\" data-e-type=\"widget\" data-widget_type=\"ebor-portfolio-block.default\">\n\t\t\t\t<div class=\"elementor-widget-container\">\n\t\t\t\t\t\n<div class=\"gallery\" data-cols=\"3\" data-margin=\"30\" data-ratio=\"1:1\">\n\t\n\t<div class=\"entry 2019\">\n\t\t<a href=\"https:\/\/frese-stiftung.de\/?portfolio=1-preis-saskia-van-der-meer\">\n\t\t\t\n\t\t\t<div class=\"entry__image\" data-bg=\"https:\/\/frese-stiftung.de\/wp-content\/uploads\/2019\/07\/1_Platz_hfk-Fresepreis-023-Saskia-van-der-Meer.jpg\"><\/div>\n\t\t\t\n\t\t\t<div class=\"entry__overlay\">\n\t\t\t\t\n\t\t\t\t<div class=\"entry__caption\">\n\t\t\t\t\t<div class=\"title\">1. Preis Saskia van der Meer<\/div>\t\t\t\t\t<div class=\"cat\">2019<\/div>\n\t\t\t\t<\/div>\n\t\t\t\t\n\t\t\t\t<span class=\"line\"><\/span>\n\t\t\t\t\n\t\t\t<\/div>\n\t\t\t\n\t\t<\/a>\n\t<\/div>\n\n\n\t<div class=\"entry 2019\">\n\t\t<a href=\"https:\/\/frese-stiftung.de\/?portfolio=2-preis-birte-manz\">\n\t\t\t\n\t\t\t<div class=\"entry__image\" data-bg=\"https:\/\/frese-stiftung.de\/wp-content\/uploads\/2019\/07\/2_Platz_hfk-Fresepreis-017-Birte-Manz.jpg\"><\/div>\n\t\t\t\n\t\t\t<div class=\"entry__overlay\">\n\t\t\t\t\n\t\t\t\t<div class=\"entry__caption\">\n\t\t\t\t\t<div class=\"title\">2. Preis Birte Manz<\/div>\t\t\t\t\t<div class=\"cat\">2019<\/div>\n\t\t\t\t<\/div>\n\t\t\t\t\n\t\t\t\t<span class=\"line\"><\/span>\n\t\t\t\t\n\t\t\t<\/div>\n\t\t\t\n\t\t<\/a>\n\t<\/div>\n\n\n\t<div class=\"entry 2019\">\n\t\t<a href=\"https:\/\/frese-stiftung.de\/?portfolio=3-preis-felix-fisgus\">\n\t\t\t\n\t\t\t<div class=\"entry__image\" data-bg=\"https:\/\/frese-stiftung.de\/wp-content\/uploads\/2019\/07\/3_Platz_hfk-Fresepreis-006-Felix-Fisgus.jpg\"><\/div>\n\t\t\t\n\t\t\t<div class=\"entry__overlay\">\n\t\t\t\t\n\t\t\t\t<div class=\"entry__caption\">\n\t\t\t\t\t<div class=\"title\">3. Preis Felix Fisgus<\/div>\t\t\t\t\t<div class=\"cat\">2019<\/div>\n\t\t\t\t<\/div>\n\t\t\t\t\n\t\t\t\t<span class=\"line\"><\/span>\n\t\t\t\t\n\t\t\t<\/div>\n\t\t\t\n\t\t<\/a>\n\t<\/div>\n\n<\/div>\t\t\t\t<\/div>\n\t\t\t\t<\/div>\n\t\t\t\t\t<\/div>\n\t\t<\/div>\n\t\t\t\t\t<\/div>\n\t\t<\/section>\n\t\t\t\t<section class=\"elementor-section elementor-top-section elementor-element elementor-element-2037dc7 elementor-section-boxed elementor-section-height-default elementor-section-height-default\" data-id=\"2037dc7\" data-element_type=\"section\" data-e-type=\"section\">\n\t\t\t\t\t\t<div class=\"elementor-container elementor-column-gap-default\">\n\t\t\t\t\t<div class=\"elementor-column elementor-col-50 elementor-top-column elementor-element elementor-element-fa26b04\" data-id=\"fa26b04\" data-element_type=\"column\" data-e-type=\"column\">\n\t\t\t<div class=\"elementor-widget-wrap elementor-element-populated\">\n\t\t\t\t\t\t<div class=\"elementor-element elementor-element-bd354b2 elementor-widget elementor-widget-image\" data-id=\"bd354b2\" data-element_type=\"widget\" data-e-type=\"widget\" data-widget_type=\"image.default\">\n\t\t\t\t<div class=\"elementor-widget-container\">\n\t\t\t\t\t\t\t\t\t\t\t\t\t\t\t<img decoding=\"async\" width=\"960\" height=\"640\" src=\"https:\/\/frese-stiftung.de\/wp-content\/uploads\/2019\/07\/hfk-Fresepreis-028-Linda-Domke-1024x683.jpg\" class=\"attachment-large size-large wp-image-446\" alt=\"\" srcset=\"https:\/\/frese-stiftung.de\/wp-content\/uploads\/2019\/07\/hfk-Fresepreis-028-Linda-Domke-1024x683.jpg 1024w, https:\/\/frese-stiftung.de\/wp-content\/uploads\/2019\/07\/hfk-Fresepreis-028-Linda-Domke-300x200.jpg 300w, https:\/\/frese-stiftung.de\/wp-content\/uploads\/2019\/07\/hfk-Fresepreis-028-Linda-Domke-768x512.jpg 768w, https:\/\/frese-stiftung.de\/wp-content\/uploads\/2019\/07\/hfk-Fresepreis-028-Linda-Domke-1536x1025.jpg 1536w, https:\/\/frese-stiftung.de\/wp-content\/uploads\/2019\/07\/hfk-Fresepreis-028-Linda-Domke.jpg 2000w\" sizes=\"(max-width: 960px) 100vw, 960px\" \/>\t\t\t\t\t\t\t\t\t\t\t\t\t\t\t<\/div>\n\t\t\t\t<\/div>\n\t\t\t\t\t<\/div>\n\t\t<\/div>\n\t\t\t\t<div class=\"elementor-column elementor-col-50 elementor-top-column elementor-element elementor-element-9836059\" data-id=\"9836059\" data-element_type=\"column\" data-e-type=\"column\">\n\t\t\t<div class=\"elementor-widget-wrap elementor-element-populated\">\n\t\t\t\t\t\t<div class=\"elementor-element elementor-element-246b4be elementor-widget elementor-widget-image\" data-id=\"246b4be\" data-element_type=\"widget\" data-e-type=\"widget\" data-widget_type=\"image.default\">\n\t\t\t\t<div class=\"elementor-widget-container\">\n\t\t\t\t\t\t\t\t\t\t\t\t\t\t\t<img decoding=\"async\" width=\"960\" height=\"640\" src=\"https:\/\/frese-stiftung.de\/wp-content\/uploads\/2019\/07\/hfk-Fresepreis-010-Lena-Heins-1024x683.jpg\" class=\"attachment-large size-large wp-image-443\" alt=\"\" srcset=\"https:\/\/frese-stiftung.de\/wp-content\/uploads\/2019\/07\/hfk-Fresepreis-010-Lena-Heins-1024x683.jpg 1024w, https:\/\/frese-stiftung.de\/wp-content\/uploads\/2019\/07\/hfk-Fresepreis-010-Lena-Heins-300x200.jpg 300w, https:\/\/frese-stiftung.de\/wp-content\/uploads\/2019\/07\/hfk-Fresepreis-010-Lena-Heins-768x512.jpg 768w, https:\/\/frese-stiftung.de\/wp-content\/uploads\/2019\/07\/hfk-Fresepreis-010-Lena-Heins-1536x1025.jpg 1536w, https:\/\/frese-stiftung.de\/wp-content\/uploads\/2019\/07\/hfk-Fresepreis-010-Lena-Heins.jpg 2000w\" sizes=\"(max-width: 960px) 100vw, 960px\" \/>\t\t\t\t\t\t\t\t\t\t\t\t\t\t\t<\/div>\n\t\t\t\t<\/div>\n\t\t\t\t\t<\/div>\n\t\t<\/div>\n\t\t\t\t\t<\/div>\n\t\t<\/section>\n\t\t\t\t<section class=\"elementor-section elementor-top-section elementor-element elementor-element-8893a43 elementor-section-boxed elementor-section-height-default elementor-section-height-default\" data-id=\"8893a43\" data-element_type=\"section\" data-e-type=\"section\">\n\t\t\t\t\t\t<div class=\"elementor-container elementor-column-gap-default\">\n\t\t\t\t\t<div class=\"elementor-column elementor-col-50 elementor-top-column elementor-element elementor-element-efb49fc\" data-id=\"efb49fc\" data-element_type=\"column\" data-e-type=\"column\">\n\t\t\t<div class=\"elementor-widget-wrap elementor-element-populated\">\n\t\t\t\t\t\t<div class=\"elementor-element elementor-element-d55a726 elementor-widget elementor-widget-image\" data-id=\"d55a726\" data-element_type=\"widget\" data-e-type=\"widget\" data-widget_type=\"image.default\">\n\t\t\t\t<div class=\"elementor-widget-container\">\n\t\t\t\t\t\t\t\t\t\t\t\t\t\t\t<img loading=\"lazy\" decoding=\"async\" width=\"960\" height=\"640\" src=\"https:\/\/frese-stiftung.de\/wp-content\/uploads\/2019\/07\/hfk-Fresepreis-031-Ricardo-Baquero-1024x683.jpg\" class=\"attachment-large size-large wp-image-448\" alt=\"\" srcset=\"https:\/\/frese-stiftung.de\/wp-content\/uploads\/2019\/07\/hfk-Fresepreis-031-Ricardo-Baquero-1024x683.jpg 1024w, https:\/\/frese-stiftung.de\/wp-content\/uploads\/2019\/07\/hfk-Fresepreis-031-Ricardo-Baquero-300x200.jpg 300w, https:\/\/frese-stiftung.de\/wp-content\/uploads\/2019\/07\/hfk-Fresepreis-031-Ricardo-Baquero-768x512.jpg 768w, https:\/\/frese-stiftung.de\/wp-content\/uploads\/2019\/07\/hfk-Fresepreis-031-Ricardo-Baquero-1536x1025.jpg 1536w, https:\/\/frese-stiftung.de\/wp-content\/uploads\/2019\/07\/hfk-Fresepreis-031-Ricardo-Baquero.jpg 2000w\" sizes=\"(max-width: 960px) 100vw, 960px\" \/>\t\t\t\t\t\t\t\t\t\t\t\t\t\t\t<\/div>\n\t\t\t\t<\/div>\n\t\t\t\t\t<\/div>\n\t\t<\/div>\n\t\t\t\t<div class=\"elementor-column elementor-col-50 elementor-top-column elementor-element elementor-element-2be7adb\" data-id=\"2be7adb\" data-element_type=\"column\" data-e-type=\"column\">\n\t\t\t<div class=\"elementor-widget-wrap elementor-element-populated\">\n\t\t\t\t\t\t<div class=\"elementor-element elementor-element-03d8a41 elementor-widget elementor-widget-image\" data-id=\"03d8a41\" data-element_type=\"widget\" data-e-type=\"widget\" data-widget_type=\"image.default\">\n\t\t\t\t<div class=\"elementor-widget-container\">\n\t\t\t\t\t\t\t\t\t\t\t\t\t\t\t<img loading=\"lazy\" decoding=\"async\" width=\"960\" height=\"640\" src=\"https:\/\/frese-stiftung.de\/wp-content\/uploads\/2019\/07\/hfk-Fresepreis-025-Christina-Stohn-1024x683.jpg\" class=\"attachment-large size-large wp-image-444\" alt=\"\" srcset=\"https:\/\/frese-stiftung.de\/wp-content\/uploads\/2019\/07\/hfk-Fresepreis-025-Christina-Stohn-1024x683.jpg 1024w, https:\/\/frese-stiftung.de\/wp-content\/uploads\/2019\/07\/hfk-Fresepreis-025-Christina-Stohn-300x200.jpg 300w, https:\/\/frese-stiftung.de\/wp-content\/uploads\/2019\/07\/hfk-Fresepreis-025-Christina-Stohn-768x512.jpg 768w, https:\/\/frese-stiftung.de\/wp-content\/uploads\/2019\/07\/hfk-Fresepreis-025-Christina-Stohn-1536x1025.jpg 1536w, https:\/\/frese-stiftung.de\/wp-content\/uploads\/2019\/07\/hfk-Fresepreis-025-Christina-Stohn.jpg 2000w\" sizes=\"(max-width: 960px) 100vw, 960px\" \/>\t\t\t\t\t\t\t\t\t\t\t\t\t\t\t<\/div>\n\t\t\t\t<\/div>\n\t\t\t\t\t<\/div>\n\t\t<\/div>\n\t\t\t\t\t<\/div>\n\t\t<\/section>\n\t\t\t\t<section class=\"elementor-section elementor-top-section elementor-element elementor-element-dbb3a25 elementor-section-boxed elementor-section-height-default elementor-section-height-default\" data-id=\"dbb3a25\" data-element_type=\"section\" data-e-type=\"section\">\n\t\t\t\t\t\t<div class=\"elementor-container elementor-column-gap-default\">\n\t\t\t\t\t<div class=\"elementor-column elementor-col-100 elementor-top-column elementor-element elementor-element-5e36dc8\" data-id=\"5e36dc8\" data-element_type=\"column\" data-e-type=\"column\">\n\t\t\t<div class=\"elementor-widget-wrap elementor-element-populated\">\n\t\t\t\t\t\t<div class=\"elementor-element elementor-element-8b8dc25 elementor-widget elementor-widget-text-editor\" data-id=\"8b8dc25\" data-element_type=\"widget\" data-e-type=\"widget\" data-widget_type=\"text-editor.default\">\n\t\t\t\t<div class=\"elementor-widget-container\">\n\t\t\t\t\t\t\t\t\t<p><strong>Belobigungen:\u2028<\/strong><\/p>\n<div>Linda Domke: Es ist genull nau Uhr, (400\u20ac)<br>Lena Heins: Countin isotopes, (400\u20ac)<br>Ricardo Baquero: Organisms of Colonization, (400\u20ac)<br>Christina Stohn: H\u00f6llental und Himmelreich, (400\u20ac)<\/div>\n<div>&nbsp;<\/div>\n<p><strong>Jury<\/strong><\/p>\n<p>Julian Adenauer, <br>Berlin , Creative Engineer, Gastprofessor an der Kunsthochschule Berlin-Wei\u00dfensee sowie Gr\u00fcnder und Leiter des Retune Festivals<\/p>\n<p>Darsha Hewitt, <br>Berlin,&nbsp; kanadische Medienk\u00fcnstlerin und derzeit Dozentin f\u00fcr Soundart an der Universit\u00e4t der K\u00fcnste Berlin<\/p>\n<p>Moritz Putzier, \u2028K\u00f6ln, Produktdesigner\u2028<br>Duo Harry Bloch und Joris Landman, \u2028Amsterdam, Grafikdesignstudio Harris Blondmann<\/p>\n<p>Stefan Jeep, \u2028Bremen<\/p>\n<p>Preistr\u00e4ger des Bremer F\u00f6rderpreises f\u00fcr Bildende Kunst, 2004 bis 2006 Stipendium Villa Minimo des Kunstvereins Hannover<\/p>\t\t\t\t\t\t\t\t<\/div>\n\t\t\t\t<\/div>\n\t\t\t\t\t<\/div>\n\t\t<\/div>\n\t\t\t\t\t<\/div>\n\t\t<\/section>\n\t\t\t\t<\/div>\n\t\t<div class=\"clearfix\"><\/div>","protected":false},"excerpt":{"rendered":"<p>Frese-Design-preis 2019 Der Frese Designpreis 2019 wurde im Rahmen der Jahresausstellung der Absolventen vergeben. Die Preistr\u00e4ger:innen: \u00a0 1. Preis: Saskia van der Meer (B.A. Integriertes Design)Titel Arbeit: Sei nicht Albern Einstein! \u2013 \u00dcber AlbernheitenPreisgeld: 5000\u20ac 2. Preis: Birte Manz (M.A. Integriertes Design)Titel Arbeit: SICKMAN KnitwearPreisgeld: 3000\u20ac 3. Preis: Felix Fisgus (B.A. Digitale Medien)Titel Arbeit: FizziPreisgeld: [&hellip;]<\/p>\n","protected":false},"author":1,"featured_media":0,"parent":0,"menu_order":0,"comment_status":"closed","ping_status":"closed","template":"page_page_builder.php","meta":{"footnotes":""},"class_list":["post-420","page","type-page","status-publish","hentry"],"_links":{"self":[{"href":"https:\/\/frese-stiftung.de\/index.php?rest_route=\/wp\/v2\/pages\/420","targetHints":{"allow":["GET"]}}],"collection":[{"href":"https:\/\/frese-stiftung.de\/index.php?rest_route=\/wp\/v2\/pages"}],"about":[{"href":"https:\/\/frese-stiftung.de\/index.php?rest_route=\/wp\/v2\/types\/page"}],"author":[{"embeddable":true,"href":"https:\/\/frese-stiftung.de\/index.php?rest_route=\/wp\/v2\/users\/1"}],"replies":[{"embeddable":true,"href":"https:\/\/frese-stiftung.de\/index.php?rest_route=%2Fwp%2Fv2%2Fcomments&post=420"}],"version-history":[{"count":22,"href":"https:\/\/frese-stiftung.de\/index.php?rest_route=\/wp\/v2\/pages\/420\/revisions"}],"predecessor-version":[{"id":694,"href":"https:\/\/frese-stiftung.de\/index.php?rest_route=\/wp\/v2\/pages\/420\/revisions\/694"}],"wp:attachment":[{"href":"https:\/\/frese-stiftung.de\/index.php?rest_route=%2Fwp%2Fv2%2Fmedia&parent=420"}],"curies":[{"name":"wp","href":"https:\/\/api.w.org\/{rel}","templated":true}]}}