{"id":381,"date":"2020-07-27T15:38:00","date_gmt":"2020-07-27T15:38:00","guid":{"rendered":"https:\/\/frese-stiftung.de\/?page_id=381"},"modified":"2021-09-28T09:15:01","modified_gmt":"2021-09-28T09:15:01","slug":"preistraegerinnen-2020","status":"publish","type":"page","link":"https:\/\/frese-stiftung.de\/?page_id=381","title":{"rendered":"Preistr\u00e4ger:innen 2020"},"content":{"rendered":"\t\t<div data-elementor-type=\"wp-page\" data-elementor-id=\"381\" class=\"elementor elementor-381\">\n\t\t\t\t\t\t<section class=\"elementor-section elementor-top-section elementor-element elementor-element-a729230 elementor-section-boxed elementor-section-height-default elementor-section-height-default\" data-id=\"a729230\" data-element_type=\"section\" data-e-type=\"section\">\n\t\t\t\t\t\t<div class=\"elementor-container elementor-column-gap-default\">\n\t\t\t\t\t<div class=\"elementor-column elementor-col-100 elementor-top-column elementor-element elementor-element-9378c95\" data-id=\"9378c95\" data-element_type=\"column\" data-e-type=\"column\">\n\t\t\t<div class=\"elementor-widget-wrap elementor-element-populated\">\n\t\t\t\t\t\t<div class=\"elementor-element elementor-element-71bf0a6 elementor-widget elementor-widget-heading\" data-id=\"71bf0a6\" data-element_type=\"widget\" data-e-type=\"widget\" data-widget_type=\"heading.default\">\n\t\t\t\t<div class=\"elementor-widget-container\">\n\t\t\t\t\t<h2 class=\"elementor-heading-title elementor-size-default\">Frese-Design-preis 2020<\/h2>\t\t\t\t<\/div>\n\t\t\t\t<\/div>\n\t\t\t\t\t<\/div>\n\t\t<\/div>\n\t\t\t\t\t<\/div>\n\t\t<\/section>\n\t\t\t\t<section class=\"elementor-section elementor-top-section elementor-element elementor-element-adba7ef elementor-section-boxed elementor-section-height-default elementor-section-height-default\" data-id=\"adba7ef\" data-element_type=\"section\" data-e-type=\"section\">\n\t\t\t\t\t\t<div class=\"elementor-container elementor-column-gap-default\">\n\t\t\t\t\t<div class=\"elementor-column elementor-col-50 elementor-top-column elementor-element elementor-element-bfcfe5f\" data-id=\"bfcfe5f\" data-element_type=\"column\" data-e-type=\"column\">\n\t\t\t<div class=\"elementor-widget-wrap elementor-element-populated\">\n\t\t\t\t\t\t<div class=\"elementor-element elementor-element-dc1a9d5 elementor-widget elementor-widget-text-editor\" data-id=\"dc1a9d5\" data-element_type=\"widget\" data-e-type=\"widget\" data-widget_type=\"text-editor.default\">\n\t\t\t\t<div class=\"elementor-widget-container\">\n\t\t\t\t\t\t\t\t\t<div>Der Frese Designpreis 2020 wurde im Rahmen der Jahresausstellung der Absolventen vergeben.<\/div>\n<div><p><strong><br>Die Preistr\u00e4ger:innen:<\/strong><\/p><strong>\n<\/strong><p><strong><\/strong><\/p><\/div>\n<p>1. Preis: <br>Nathalie Gebert <br>(B.A. Digitale Medien)<br>Titel Arbeit: On Framing Textile Ambiguities: Artistic Research on Situated Objectivities at the Intersection of Textile Processing and Computer History, Preisgeld: 5000 \u20ac<\/p>\n<p>2. Preis: <br>Daniel Angelo Nicola Pantaleo <br>(M.A. Integriertes Design)<br>Titel Arbeit: . Call me a Taxi: Escaping my social ego<br>Preisgeld: 3000 \u20ac<\/p>\n<p>3. Preis: <br>Tabea Erhart <br>(B.A. Integriertes Design)<br>Titel Arbeit: Identit\u00e4t als Krise: Afrodeutsche Erfahrungen im gesellschaftlichen Kontext<br>Preisgeld: 2000\u20ac<\/p>\n<p><\/p>\t\t\t\t\t\t\t\t<\/div>\n\t\t\t\t<\/div>\n\t\t\t\t\t<\/div>\n\t\t<\/div>\n\t\t\t\t<div class=\"elementor-column elementor-col-50 elementor-top-column elementor-element elementor-element-96c7ceb\" data-id=\"96c7ceb\" data-element_type=\"column\" data-e-type=\"column\">\n\t\t\t<div class=\"elementor-widget-wrap elementor-element-populated\">\n\t\t\t\t\t\t<div class=\"elementor-element elementor-element-e5c1ee2 elementor-widget elementor-widget-image\" data-id=\"e5c1ee2\" data-element_type=\"widget\" data-e-type=\"widget\" data-widget_type=\"image.default\">\n\t\t\t\t<div class=\"elementor-widget-container\">\n\t\t\t\t\t\t\t\t\t\t\t\t\t\t\t<img fetchpriority=\"high\" decoding=\"async\" width=\"960\" height=\"540\" src=\"https:\/\/frese-stiftung.de\/wp-content\/uploads\/2021\/09\/Te-I-Um_layers_Fahrrad-1024x576.jpg\" class=\"attachment-large size-large wp-image-402\" alt=\"\" srcset=\"https:\/\/frese-stiftung.de\/wp-content\/uploads\/2021\/09\/Te-I-Um_layers_Fahrrad-1024x576.jpg 1024w, https:\/\/frese-stiftung.de\/wp-content\/uploads\/2021\/09\/Te-I-Um_layers_Fahrrad-300x169.jpg 300w, https:\/\/frese-stiftung.de\/wp-content\/uploads\/2021\/09\/Te-I-Um_layers_Fahrrad-768x432.jpg 768w, https:\/\/frese-stiftung.de\/wp-content\/uploads\/2021\/09\/Te-I-Um_layers_Fahrrad-1536x864.jpg 1536w, https:\/\/frese-stiftung.de\/wp-content\/uploads\/2021\/09\/Te-I-Um_layers_Fahrrad.jpg 2000w\" sizes=\"(max-width: 960px) 100vw, 960px\" \/>\t\t\t\t\t\t\t\t\t\t\t\t\t\t\t<\/div>\n\t\t\t\t<\/div>\n\t\t\t\t\t<\/div>\n\t\t<\/div>\n\t\t\t\t\t<\/div>\n\t\t<\/section>\n\t\t\t\t<section class=\"elementor-section elementor-top-section elementor-element elementor-element-a9ce8b8 elementor-section-boxed elementor-section-height-default elementor-section-height-default\" data-id=\"a9ce8b8\" data-element_type=\"section\" data-e-type=\"section\">\n\t\t\t\t\t\t<div class=\"elementor-container elementor-column-gap-default\">\n\t\t\t\t\t<div class=\"elementor-column elementor-col-100 elementor-top-column elementor-element elementor-element-124715f\" data-id=\"124715f\" data-element_type=\"column\" data-e-type=\"column\">\n\t\t\t<div class=\"elementor-widget-wrap elementor-element-populated\">\n\t\t\t\t\t\t<div class=\"elementor-element elementor-element-a31a3e7 elementor-widget elementor-widget-ebor-portfolio-block\" data-id=\"a31a3e7\" data-element_type=\"widget\" data-e-type=\"widget\" data-widget_type=\"ebor-portfolio-block.default\">\n\t\t\t\t<div class=\"elementor-widget-container\">\n\t\t\t\t\t\n<div class=\"gallery\" data-cols=\"3\" data-margin=\"30\" data-ratio=\"1:1\">\n\t\n\t<div class=\"entry 2020\">\n\t\t<a href=\"https:\/\/frese-stiftung.de\/?portfolio=1-preis-daniel-angelo-nicola-pantaleo\">\n\t\t\t\n\t\t\t<div class=\"entry__image\" data-bg=\"https:\/\/frese-stiftung.de\/wp-content\/uploads\/2021\/09\/1_Platz_nathalie-gebert-OFTA05.jpg\"><\/div>\n\t\t\t\n\t\t\t<div class=\"entry__overlay\">\n\t\t\t\t\n\t\t\t\t<div class=\"entry__caption\">\n\t\t\t\t\t<div class=\"title\">1. Preis Nathalie Gebert<\/div>\t\t\t\t\t<div class=\"cat\">2020<\/div>\n\t\t\t\t<\/div>\n\t\t\t\t\n\t\t\t\t<span class=\"line\"><\/span>\n\t\t\t\t\n\t\t\t<\/div>\n\t\t\t\n\t\t<\/a>\n\t<\/div>\n\n\n\t<div class=\"entry 2020\">\n\t\t<a href=\"https:\/\/frese-stiftung.de\/?portfolio=2-preis-daniel-angelo-nicola-pantaleo\">\n\t\t\t\n\t\t\t<div class=\"entry__image\" data-bg=\"https:\/\/frese-stiftung.de\/wp-content\/uploads\/2021\/09\/2_Platz_DanielJahresPics8.jpg\"><\/div>\n\t\t\t\n\t\t\t<div class=\"entry__overlay\">\n\t\t\t\t\n\t\t\t\t<div class=\"entry__caption\">\n\t\t\t\t\t<div class=\"title\">2. Preis Daniel Angelo Nicola Pantaleo<\/div>\t\t\t\t\t<div class=\"cat\">2020<\/div>\n\t\t\t\t<\/div>\n\t\t\t\t\n\t\t\t\t<span class=\"line\"><\/span>\n\t\t\t\t\n\t\t\t<\/div>\n\t\t\t\n\t\t<\/a>\n\t<\/div>\n\n\n\t<div class=\"entry 2020\">\n\t\t<a href=\"https:\/\/frese-stiftung.de\/?portfolio=3-preis-tabea-erhart\">\n\t\t\t\n\t\t\t<div class=\"entry__image\" data-bg=\"https:\/\/frese-stiftung.de\/wp-content\/uploads\/2021\/09\/3_Platz_Tabea-Erhart_IMG_7847.jpg\"><\/div>\n\t\t\t\n\t\t\t<div class=\"entry__overlay\">\n\t\t\t\t\n\t\t\t\t<div class=\"entry__caption\">\n\t\t\t\t\t<div class=\"title\">3. Preis Tabea Erhart<\/div>\t\t\t\t\t<div class=\"cat\">2020<\/div>\n\t\t\t\t<\/div>\n\t\t\t\t\n\t\t\t\t<span class=\"line\"><\/span>\n\t\t\t\t\n\t\t\t<\/div>\n\t\t\t\n\t\t<\/a>\n\t<\/div>\n\n<\/div>\t\t\t\t<\/div>\n\t\t\t\t<\/div>\n\t\t\t\t\t<\/div>\n\t\t<\/div>\n\t\t\t\t\t<\/div>\n\t\t<\/section>\n\t\t\t\t<section class=\"elementor-section elementor-top-section elementor-element elementor-element-2037dc7 elementor-section-boxed elementor-section-height-default elementor-section-height-default\" data-id=\"2037dc7\" data-element_type=\"section\" data-e-type=\"section\">\n\t\t\t\t\t\t<div class=\"elementor-container elementor-column-gap-default\">\n\t\t\t\t\t<div class=\"elementor-column elementor-col-50 elementor-top-column elementor-element elementor-element-fa26b04\" data-id=\"fa26b04\" data-element_type=\"column\" data-e-type=\"column\">\n\t\t\t<div class=\"elementor-widget-wrap elementor-element-populated\">\n\t\t\t\t\t\t<div class=\"elementor-element elementor-element-bd354b2 elementor-widget elementor-widget-image\" data-id=\"bd354b2\" data-element_type=\"widget\" data-e-type=\"widget\" data-widget_type=\"image.default\">\n\t\t\t\t<div class=\"elementor-widget-container\">\n\t\t\t\t\t\t\t\t\t\t\t\t\t\t\t<img decoding=\"async\" width=\"960\" height=\"960\" src=\"https:\/\/frese-stiftung.de\/wp-content\/uploads\/2021\/09\/Izabella-obielewska_Instagram_1.2-Kopie-1024x1024.jpg\" class=\"attachment-large size-large wp-image-401\" alt=\"\" srcset=\"https:\/\/frese-stiftung.de\/wp-content\/uploads\/2021\/09\/Izabella-obielewska_Instagram_1.2-Kopie-1024x1024.jpg 1024w, https:\/\/frese-stiftung.de\/wp-content\/uploads\/2021\/09\/Izabella-obielewska_Instagram_1.2-Kopie-300x300.jpg 300w, https:\/\/frese-stiftung.de\/wp-content\/uploads\/2021\/09\/Izabella-obielewska_Instagram_1.2-Kopie-150x150.jpg 150w, https:\/\/frese-stiftung.de\/wp-content\/uploads\/2021\/09\/Izabella-obielewska_Instagram_1.2-Kopie-768x768.jpg 768w, https:\/\/frese-stiftung.de\/wp-content\/uploads\/2021\/09\/Izabella-obielewska_Instagram_1.2-Kopie-1536x1536.jpg 1536w, https:\/\/frese-stiftung.de\/wp-content\/uploads\/2021\/09\/Izabella-obielewska_Instagram_1.2-Kopie-60x60.jpg 60w, https:\/\/frese-stiftung.de\/wp-content\/uploads\/2021\/09\/Izabella-obielewska_Instagram_1.2-Kopie.jpg 2000w\" sizes=\"(max-width: 960px) 100vw, 960px\" \/>\t\t\t\t\t\t\t\t\t\t\t\t\t\t\t<\/div>\n\t\t\t\t<\/div>\n\t\t\t\t\t<\/div>\n\t\t<\/div>\n\t\t\t\t<div class=\"elementor-column elementor-col-50 elementor-top-column elementor-element elementor-element-9836059\" data-id=\"9836059\" data-element_type=\"column\" data-e-type=\"column\">\n\t\t\t<div class=\"elementor-widget-wrap elementor-element-populated\">\n\t\t\t\t\t\t<div class=\"elementor-element elementor-element-246b4be elementor-widget elementor-widget-image\" data-id=\"246b4be\" data-element_type=\"widget\" data-e-type=\"widget\" data-widget_type=\"image.default\">\n\t\t\t\t<div class=\"elementor-widget-container\">\n\t\t\t\t\t\t\t\t\t\t\t\t\t\t\t<img decoding=\"async\" width=\"960\" height=\"609\" src=\"https:\/\/frese-stiftung.de\/wp-content\/uploads\/2021\/09\/Hyperaktivitaet-PhilippWienes-02-1024x650.jpg\" class=\"attachment-large size-large wp-image-400\" alt=\"\" srcset=\"https:\/\/frese-stiftung.de\/wp-content\/uploads\/2021\/09\/Hyperaktivitaet-PhilippWienes-02-1024x650.jpg 1024w, https:\/\/frese-stiftung.de\/wp-content\/uploads\/2021\/09\/Hyperaktivitaet-PhilippWienes-02-300x191.jpg 300w, https:\/\/frese-stiftung.de\/wp-content\/uploads\/2021\/09\/Hyperaktivitaet-PhilippWienes-02-768x488.jpg 768w, https:\/\/frese-stiftung.de\/wp-content\/uploads\/2021\/09\/Hyperaktivitaet-PhilippWienes-02-1536x975.jpg 1536w, https:\/\/frese-stiftung.de\/wp-content\/uploads\/2021\/09\/Hyperaktivitaet-PhilippWienes-02.jpg 1644w\" sizes=\"(max-width: 960px) 100vw, 960px\" \/>\t\t\t\t\t\t\t\t\t\t\t\t\t\t\t<\/div>\n\t\t\t\t<\/div>\n\t\t\t\t\t<\/div>\n\t\t<\/div>\n\t\t\t\t\t<\/div>\n\t\t<\/section>\n\t\t\t\t<section class=\"elementor-section elementor-top-section elementor-element elementor-element-dbb3a25 elementor-section-boxed elementor-section-height-default elementor-section-height-default\" data-id=\"dbb3a25\" data-element_type=\"section\" data-e-type=\"section\">\n\t\t\t\t\t\t<div class=\"elementor-container elementor-column-gap-default\">\n\t\t\t\t\t<div class=\"elementor-column elementor-col-100 elementor-top-column elementor-element elementor-element-5e36dc8\" data-id=\"5e36dc8\" data-element_type=\"column\" data-e-type=\"column\">\n\t\t\t<div class=\"elementor-widget-wrap elementor-element-populated\">\n\t\t\t\t\t\t<div class=\"elementor-element elementor-element-8b8dc25 elementor-widget elementor-widget-text-editor\" data-id=\"8b8dc25\" data-element_type=\"widget\" data-e-type=\"widget\" data-widget_type=\"text-editor.default\">\n\t\t\t\t<div class=\"elementor-widget-container\">\n\t\t\t\t\t\t\t\t\t<p><strong>Belobigungen:\u2028<\/strong><\/p><div>\u00a0<\/div><div>Philipp Wienes<br \/>Te I Um<br \/>Izabella Dobielewska<\/div><div>\u00a0<\/div><p><strong>Jury<\/strong><br \/><br \/>Giliane Cachin<br \/>Grafikdesignerin und Lehrbeauftragte an der ECAL Universit\u00e4t f\u00fcr Kunst und Design in Lausanne, Schweiz, 2015 Auszeichnung mit dem Swiss Design Award<br \/><br \/>Jasmin Grimm<br \/>Programmentwicklerin f\u00fcr internationale kulturelle Projekte und Mitbegr\u00fcnderin des Studios Rosy DX, 2017 bis 2019 Programmberaterin f\u00fcr das Festival re:publica \u201eArts &amp; Culture\u201c<br \/><br \/>Emily Smith <br \/>Professorin am Fachbereich Art &amp; Design und Studiengangskoordinatorin f\u00fcr Communication Design an der UE University of Applied Science Europe, Campus Berlin, 2018 Mitglied der k\u00fcnstlerischen Leitung\u201a Fikra Graphic Design Biennial<br \/><br \/>Annika Tritschler<br \/>HfK-Alumna und B\u00fchnen- und Kost\u00fcmbildnerin an der Hamburgischen Staatsoper sowie am Staatsschauspiel Dresden<br \/><br \/>Florian Weigl<br \/>Kurator von V2_, Lab for the Unstable Media, interdisziplin\u00e4res Zentrum f\u00fcr Kunst- und Medientechnologie Rotterdam, Niederlande<br \/><br \/>Stefan Jeep <br \/>K\u00fcnstler und Gesch\u00e4ftsf\u00fchrer des K\u00fcnstlerhaus G\u00fcterbahnhof, Preistr\u00e4ger des Bremer F\u00f6rderpreises f\u00fcr Bildende Kunst, 2004 bis 2006 Stipendium Villa Minimo des Kunstvereins Hannover<\/p>\t\t\t\t\t\t\t\t<\/div>\n\t\t\t\t<\/div>\n\t\t\t\t\t<\/div>\n\t\t<\/div>\n\t\t\t\t\t<\/div>\n\t\t<\/section>\n\t\t\t\t<\/div>\n\t\t<div class=\"clearfix\"><\/div>","protected":false},"excerpt":{"rendered":"<p>Frese-Design-preis 2020 Der Frese Designpreis 2020 wurde im Rahmen der Jahresausstellung der Absolventen vergeben. Die Preistr\u00e4ger:innen: 1. Preis: Nathalie Gebert (B.A. Digitale Medien)Titel Arbeit: On Framing Textile Ambiguities: Artistic Research on Situated Objectivities at the Intersection of Textile Processing and Computer History, Preisgeld: 5000 \u20ac 2. Preis: Daniel Angelo Nicola Pantaleo (M.A. Integriertes Design)Titel Arbeit: [&hellip;]<\/p>\n","protected":false},"author":1,"featured_media":0,"parent":0,"menu_order":0,"comment_status":"closed","ping_status":"closed","template":"page_page_builder.php","meta":{"footnotes":""},"class_list":["post-381","page","type-page","status-publish","hentry"],"_links":{"self":[{"href":"https:\/\/frese-stiftung.de\/index.php?rest_route=\/wp\/v2\/pages\/381","targetHints":{"allow":["GET"]}}],"collection":[{"href":"https:\/\/frese-stiftung.de\/index.php?rest_route=\/wp\/v2\/pages"}],"about":[{"href":"https:\/\/frese-stiftung.de\/index.php?rest_route=\/wp\/v2\/types\/page"}],"author":[{"embeddable":true,"href":"https:\/\/frese-stiftung.de\/index.php?rest_route=\/wp\/v2\/users\/1"}],"replies":[{"embeddable":true,"href":"https:\/\/frese-stiftung.de\/index.php?rest_route=%2Fwp%2Fv2%2Fcomments&post=381"}],"version-history":[{"count":22,"href":"https:\/\/frese-stiftung.de\/index.php?rest_route=\/wp\/v2\/pages\/381\/revisions"}],"predecessor-version":[{"id":691,"href":"https:\/\/frese-stiftung.de\/index.php?rest_route=\/wp\/v2\/pages\/381\/revisions\/691"}],"wp:attachment":[{"href":"https:\/\/frese-stiftung.de\/index.php?rest_route=%2Fwp%2Fv2%2Fmedia&parent=381"}],"curies":[{"name":"wp","href":"https:\/\/api.w.org\/{rel}","templated":true}]}}