{"id":1029,"date":"2024-11-19T09:33:29","date_gmt":"2024-11-19T09:33:29","guid":{"rendered":"https:\/\/frese-stiftung.de\/?page_id=1029"},"modified":"2024-11-19T10:46:20","modified_gmt":"2024-11-19T10:46:20","slug":"preistraegerinnen-2024","status":"publish","type":"page","link":"https:\/\/frese-stiftung.de\/?page_id=1029","title":{"rendered":"Preistr\u00e4ger:innen 2024"},"content":{"rendered":"\t\t<div data-elementor-type=\"wp-page\" data-elementor-id=\"1029\" class=\"elementor elementor-1029\">\n\t\t\t\t\t\t<section class=\"elementor-section elementor-top-section elementor-element elementor-element-53e9f66 elementor-section-boxed elementor-section-height-default elementor-section-height-default\" data-id=\"53e9f66\" data-element_type=\"section\" data-e-type=\"section\">\n\t\t\t\t\t\t<div class=\"elementor-container elementor-column-gap-default\">\n\t\t\t\t\t<div class=\"elementor-column elementor-col-100 elementor-top-column elementor-element elementor-element-571c190\" data-id=\"571c190\" data-element_type=\"column\" data-e-type=\"column\">\n\t\t\t<div class=\"elementor-widget-wrap\">\n\t\t\t\t\t\t\t<\/div>\n\t\t<\/div>\n\t\t\t\t\t<\/div>\n\t\t<\/section>\n\t\t\t\t<section class=\"elementor-section elementor-top-section elementor-element elementor-element-a729230 elementor-section-boxed elementor-section-height-default elementor-section-height-default\" data-id=\"a729230\" data-element_type=\"section\" data-e-type=\"section\">\n\t\t\t\t\t\t<div class=\"elementor-container elementor-column-gap-default\">\n\t\t\t\t\t<div class=\"elementor-column elementor-col-100 elementor-top-column elementor-element elementor-element-9378c95\" data-id=\"9378c95\" data-element_type=\"column\" data-e-type=\"column\">\n\t\t\t<div class=\"elementor-widget-wrap elementor-element-populated\">\n\t\t\t\t\t\t<div class=\"elementor-element elementor-element-71bf0a6 elementor-widget elementor-widget-heading\" data-id=\"71bf0a6\" data-element_type=\"widget\" data-e-type=\"widget\" data-widget_type=\"heading.default\">\n\t\t\t\t<div class=\"elementor-widget-container\">\n\t\t\t\t\t<h2 class=\"elementor-heading-title elementor-size-default\">Frese-Design-Preis 2024<\/h2>\t\t\t\t<\/div>\n\t\t\t\t<\/div>\n\t\t\t\t\t<\/div>\n\t\t<\/div>\n\t\t\t\t\t<\/div>\n\t\t<\/section>\n\t\t\t\t<section class=\"elementor-section elementor-top-section elementor-element elementor-element-adba7ef elementor-section-boxed elementor-section-height-default elementor-section-height-default\" data-id=\"adba7ef\" data-element_type=\"section\" data-e-type=\"section\">\n\t\t\t\t\t\t<div class=\"elementor-container elementor-column-gap-default\">\n\t\t\t\t\t<div class=\"elementor-column elementor-col-50 elementor-top-column elementor-element elementor-element-bfcfe5f\" data-id=\"bfcfe5f\" data-element_type=\"column\" data-e-type=\"column\">\n\t\t\t<div class=\"elementor-widget-wrap elementor-element-populated\">\n\t\t\t\t\t\t<div class=\"elementor-element elementor-element-dc1a9d5 elementor-widget elementor-widget-text-editor\" data-id=\"dc1a9d5\" data-element_type=\"widget\" data-e-type=\"widget\" data-widget_type=\"text-editor.default\">\n\t\t\t\t<div class=\"elementor-widget-container\">\n\t\t\t\t\t\t\t\t\t<div>Der Frese-Design-Preises 2024 ging an drei Absolvent:innen der Hochschule f\u00fcr K\u00fcnste Bremen.<br \/>43 Studierende zeigten ihre Abschlussarbeitenim Speicher XI A der HfK Bremen.<\/div><div><strong><br \/>Die Preistr\u00e4gerinnen:<\/strong><\/div><div>1.Preis: <strong>Anisha Gattnar<\/strong> (Masterstudium Integriertes Design)<br \/>Titel: \u201eSt\u00fclp \u2013 der K\u00f6rper auf links\u201c<br \/>5.000 Euro<\/div><div>\u00a0<\/div><div>\u20282. Preis:\u00a0 <i><strong>Saeyeon Kim<\/strong><\/i> (Bachelorstudium Integriertes Design)<br \/>Titel: \u201e153\u201c<p>3.000 Euro<\/p><p>3. Preis: <strong>Marcela Antipan Olate <\/strong> (Masterstudium Digitale Medien)<br \/>Titel: \u201eMediciones*: Exploration 01\u201d (*measurements)<br \/>2.000 Euro<\/p><\/div>\t\t\t\t\t\t\t\t<\/div>\n\t\t\t\t<\/div>\n\t\t\t\t\t<\/div>\n\t\t<\/div>\n\t\t\t\t<div class=\"elementor-column elementor-col-50 elementor-top-column elementor-element elementor-element-96c7ceb\" data-id=\"96c7ceb\" data-element_type=\"column\" data-e-type=\"column\">\n\t\t\t<div class=\"elementor-widget-wrap elementor-element-populated\">\n\t\t\t\t\t\t<div class=\"elementor-element elementor-element-8b9e59a elementor-widget elementor-widget-image\" data-id=\"8b9e59a\" data-element_type=\"widget\" data-e-type=\"widget\" data-widget_type=\"image.default\">\n\t\t\t\t<div class=\"elementor-widget-container\">\n\t\t\t\t\t\t\t\t\t\t\t\t<figure class=\"wp-caption\">\n\t\t\t\t\t\t\t\t\t\t<img fetchpriority=\"high\" decoding=\"async\" width=\"683\" height=\"1024\" src=\"https:\/\/frese-stiftung.de\/wp-content\/uploads\/2024\/11\/hfk_bremen-jahresausstellung-anisha_gattnar_11__kim_mayer.jpg__2200x2200_q85_subsampling-2_upscale-683x1024.jpg\" class=\"attachment-large size-large wp-image-1037\" alt=\"\" srcset=\"https:\/\/frese-stiftung.de\/wp-content\/uploads\/2024\/11\/hfk_bremen-jahresausstellung-anisha_gattnar_11__kim_mayer.jpg__2200x2200_q85_subsampling-2_upscale-683x1024.jpg 683w, https:\/\/frese-stiftung.de\/wp-content\/uploads\/2024\/11\/hfk_bremen-jahresausstellung-anisha_gattnar_11__kim_mayer.jpg__2200x2200_q85_subsampling-2_upscale-200x300.jpg 200w, https:\/\/frese-stiftung.de\/wp-content\/uploads\/2024\/11\/hfk_bremen-jahresausstellung-anisha_gattnar_11__kim_mayer.jpg__2200x2200_q85_subsampling-2_upscale-768x1152.jpg 768w, https:\/\/frese-stiftung.de\/wp-content\/uploads\/2024\/11\/hfk_bremen-jahresausstellung-anisha_gattnar_11__kim_mayer.jpg__2200x2200_q85_subsampling-2_upscale-1024x1536.jpg 1024w, https:\/\/frese-stiftung.de\/wp-content\/uploads\/2024\/11\/hfk_bremen-jahresausstellung-anisha_gattnar_11__kim_mayer.jpg__2200x2200_q85_subsampling-2_upscale-1366x2048.jpg 1366w, https:\/\/frese-stiftung.de\/wp-content\/uploads\/2024\/11\/hfk_bremen-jahresausstellung-anisha_gattnar_11__kim_mayer.jpg__2200x2200_q85_subsampling-2_upscale.jpg 1467w\" sizes=\"(max-width: 683px) 100vw, 683px\" \/>\t\t\t\t\t\t\t\t\t\t\t<figcaption class=\"widget-image-caption wp-caption-text\">Installationsansicht \u201eSt\u00fclp - der K\u00f6rper auf links\u201c <br \/>Foto: Kim Mayer<\/figcaption>\n\t\t\t\t\t\t\t\t\t\t<\/figure>\n\t\t\t\t\t\t\t\t\t<\/div>\n\t\t\t\t<\/div>\n\t\t\t\t\t<\/div>\n\t\t<\/div>\n\t\t\t\t\t<\/div>\n\t\t<\/section>\n\t\t\t\t<section class=\"elementor-section elementor-top-section elementor-element elementor-element-a9ce8b8 elementor-section-boxed elementor-section-height-default elementor-section-height-default\" data-id=\"a9ce8b8\" data-element_type=\"section\" data-e-type=\"section\">\n\t\t\t\t\t\t<div class=\"elementor-container elementor-column-gap-default\">\n\t\t\t\t\t<div class=\"elementor-column elementor-col-100 elementor-top-column elementor-element elementor-element-124715f\" data-id=\"124715f\" data-element_type=\"column\" data-e-type=\"column\">\n\t\t\t<div class=\"elementor-widget-wrap elementor-element-populated\">\n\t\t\t\t\t\t<div class=\"elementor-element elementor-element-a31a3e7 elementor-widget elementor-widget-ebor-portfolio-block\" data-id=\"a31a3e7\" data-element_type=\"widget\" data-e-type=\"widget\" data-widget_type=\"ebor-portfolio-block.default\">\n\t\t\t\t<div class=\"elementor-widget-container\">\n\t\t\t\t\t\n<div class=\"gallery\" data-cols=\"3\" data-margin=\"30\" data-ratio=\"1:1\">\n\t\n\t<div class=\"entry 2024\">\n\t\t<a href=\"https:\/\/frese-stiftung.de\/?portfolio=1-preis-anisha-gattnar-2\">\n\t\t\t\n\t\t\t<div class=\"entry__image\" data-bg=\"https:\/\/frese-stiftung.de\/wp-content\/uploads\/2024\/11\/wip1.jpg__2200x2200_q85_subsampling-2_upscale.jpg\"><\/div>\n\t\t\t\n\t\t\t<div class=\"entry__overlay\">\n\t\t\t\t\n\t\t\t\t<div class=\"entry__caption\">\n\t\t\t\t\t<div class=\"title\">1. Preis Anisha Gattnar<\/div>\t\t\t\t\t<div class=\"cat\">2024<\/div>\n\t\t\t\t<\/div>\n\t\t\t\t\n\t\t\t\t<span class=\"line\"><\/span>\n\t\t\t\t\n\t\t\t<\/div>\n\t\t\t\n\t\t<\/a>\n\t<\/div>\n\n\n\t<div class=\"entry 2024\">\n\t\t<a href=\"https:\/\/frese-stiftung.de\/?portfolio=1-preis-anisha-gattnar\">\n\t\t\t\n\t\t\t<div class=\"entry__image\" data-bg=\"https:\/\/frese-stiftung.de\/wp-content\/uploads\/2024\/11\/hfk_bremen-jahresausstellung-saeyeon_kim_02__kim_mayerjpg.jpg__2200x2200_q85_subsampling-2_upscale.jpg\"><\/div>\n\t\t\t\n\t\t\t<div class=\"entry__overlay\">\n\t\t\t\t\n\t\t\t\t<div class=\"entry__caption\">\n\t\t\t\t\t<div class=\"title\">2. Preis Saeyeon Kim<\/div>\t\t\t\t\t<div class=\"cat\">2024<\/div>\n\t\t\t\t<\/div>\n\t\t\t\t\n\t\t\t\t<span class=\"line\"><\/span>\n\t\t\t\t\n\t\t\t<\/div>\n\t\t\t\n\t\t<\/a>\n\t<\/div>\n\n\n\t<div class=\"entry 2024\">\n\t\t<a href=\"https:\/\/frese-stiftung.de\/?portfolio=2-preis-saeyeon-kim\">\n\t\t\t\n\t\t\t<div class=\"entry__image\" data-bg=\"https:\/\/frese-stiftung.de\/wp-content\/uploads\/2024\/11\/hfk_bremen-jahresausstellung-marcela_antipan_olate_05__kim_mayer.jpg__2200x2200_q85_subsampling-2_upscale.jpg\"><\/div>\n\t\t\t\n\t\t\t<div class=\"entry__overlay\">\n\t\t\t\t\n\t\t\t\t<div class=\"entry__caption\">\n\t\t\t\t\t<div class=\"title\">3. Preis Marcela Antipan Olate<\/div>\t\t\t\t\t<div class=\"cat\">2024<\/div>\n\t\t\t\t<\/div>\n\t\t\t\t\n\t\t\t\t<span class=\"line\"><\/span>\n\t\t\t\t\n\t\t\t<\/div>\n\t\t\t\n\t\t<\/a>\n\t<\/div>\n\n<\/div>\t\t\t\t<\/div>\n\t\t\t\t<\/div>\n\t\t\t\t\t<\/div>\n\t\t<\/div>\n\t\t\t\t\t<\/div>\n\t\t<\/section>\n\t\t\t\t<section class=\"elementor-section elementor-top-section elementor-element elementor-element-dbb3a25 elementor-section-boxed elementor-section-height-default elementor-section-height-default\" data-id=\"dbb3a25\" data-element_type=\"section\" data-e-type=\"section\">\n\t\t\t\t\t\t<div class=\"elementor-container elementor-column-gap-default\">\n\t\t\t\t\t<div class=\"elementor-column elementor-col-100 elementor-top-column elementor-element elementor-element-5e36dc8\" data-id=\"5e36dc8\" data-element_type=\"column\" data-e-type=\"column\">\n\t\t\t<div class=\"elementor-widget-wrap elementor-element-populated\">\n\t\t\t\t\t\t<div class=\"elementor-element elementor-element-8b8dc25 elementor-widget elementor-widget-text-editor\" data-id=\"8b8dc25\" data-element_type=\"widget\" data-e-type=\"widget\" data-widget_type=\"text-editor.default\">\n\t\t\t\t<div class=\"elementor-widget-container\">\n\t\t\t\t\t\t\t\t\t<p><strong>Belobigungen:\u2028<\/strong><span style=\"color: var( --e-global-color-text ); font-family: var( --e-global-typography-text-font-family ), Sans-serif;\">\u00a0<\/span><\/p><p>Besondere Belobigungen werden Milena Anna Breiter, Minji Yu sowie Ruben Lyon zuteil.<\/p><div>\u00a0<\/div><p><strong>Jury<\/strong><\/p><p><i><strong>Saskia van der Meer<\/strong><\/i> ist eine interdisziplin\u00e4re Designerin. Gleich nach ihrem Bachelorstudium an der HfK Bremen lehrte sie dort f\u00fcr zwei Semester, bevor sie mit ihrem Diplom in Kommunikationsdesign und Ausstellungsdesign\/Szenografie an der Hochschule f\u00fcr Gestaltung Karlsruhe abschloss. Derzeit \u00a0lebt sie als Grafikdesignerin in Rotterdam.<\/p><p><i><strong>Julia Bulk<\/strong><\/i> hat Kunstgeschichte und Germanistik in K\u00f6ln und London studiert. Seit 2014 leitet sie die Wilhelm Wagenfeld Stiftung in Bremen.<\/p><p><i><strong>Pedro Oliveira<\/strong><\/i> ist Forscher und Klangk\u00fcnstler, der sich mit einer antikolonialen Studie des H\u00f6rens und seiner materiellen Zusammenh\u00e4nge mit Gewaltverh\u00e4ltnissen europ\u00e4ischer Grenzen besch\u00e4ftigt. Seit 2022 ist er Guest Faculty in Sound Studies und Sonic Arts an der Universit\u00e4t der K\u00fcnste Berlin.<\/p><p><i><strong>Bruno Moreschis<\/strong><\/i> wissenschaftliche Wurzeln liegen in der Kunstkritik sowie der musealen Sammlungsdigitalisierung, das sind Problemkontexte, die ihn auch zu seinen aktuellen Forschungen zu K\u00fcnstlicher Intelligenz und Maschinellem Lernen gef\u00fchrt haben. Derzeit untersucht Moreschi an der Leuphana Universit\u00e4t L\u00fcneburg die Rolle digitaler Bilder in Large Scale Vision Datasets (LSVD).<\/p><div>\u00a0<\/div>\t\t\t\t\t\t\t\t<\/div>\n\t\t\t\t<\/div>\n\t\t\t\t\t<\/div>\n\t\t<\/div>\n\t\t\t\t\t<\/div>\n\t\t<\/section>\n\t\t\t\t<\/div>\n\t\t<div class=\"clearfix\"><\/div>","protected":false},"excerpt":{"rendered":"<p>Frese-Design-Preis 2024 Der Frese-Design-Preises 2024 ging an drei Absolvent:innen der Hochschule f\u00fcr K\u00fcnste Bremen.43 Studierende zeigten ihre Abschlussarbeitenim Speicher XI A der HfK Bremen.Die Preistr\u00e4gerinnen:1.Preis: Anisha Gattnar (Masterstudium Integriertes Design)Titel: \u201eSt\u00fclp \u2013 der K\u00f6rper auf links\u201c5.000 Euro\u00a0\u20282. Preis:\u00a0 Saeyeon Kim (Bachelorstudium Integriertes Design)Titel: \u201e153\u201c 3.000 Euro 3. Preis: Marcela Antipan Olate (Masterstudium Digitale Medien)Titel: \u201eMediciones*: [&hellip;]<\/p>\n","protected":false},"author":1,"featured_media":0,"parent":0,"menu_order":0,"comment_status":"closed","ping_status":"closed","template":"page_page_builder.php","meta":{"footnotes":""},"class_list":["post-1029","page","type-page","status-publish","hentry"],"_links":{"self":[{"href":"https:\/\/frese-stiftung.de\/index.php?rest_route=\/wp\/v2\/pages\/1029","targetHints":{"allow":["GET"]}}],"collection":[{"href":"https:\/\/frese-stiftung.de\/index.php?rest_route=\/wp\/v2\/pages"}],"about":[{"href":"https:\/\/frese-stiftung.de\/index.php?rest_route=\/wp\/v2\/types\/page"}],"author":[{"embeddable":true,"href":"https:\/\/frese-stiftung.de\/index.php?rest_route=\/wp\/v2\/users\/1"}],"replies":[{"embeddable":true,"href":"https:\/\/frese-stiftung.de\/index.php?rest_route=%2Fwp%2Fv2%2Fcomments&post=1029"}],"version-history":[{"count":25,"href":"https:\/\/frese-stiftung.de\/index.php?rest_route=\/wp\/v2\/pages\/1029\/revisions"}],"predecessor-version":[{"id":1065,"href":"https:\/\/frese-stiftung.de\/index.php?rest_route=\/wp\/v2\/pages\/1029\/revisions\/1065"}],"wp:attachment":[{"href":"https:\/\/frese-stiftung.de\/index.php?rest_route=%2Fwp%2Fv2%2Fmedia&parent=1029"}],"curies":[{"name":"wp","href":"https:\/\/api.w.org\/{rel}","templated":true}]}}