{"id":1003,"date":"2024-01-11T10:15:16","date_gmt":"2024-01-11T10:15:16","guid":{"rendered":"https:\/\/frese-stiftung.de\/?page_id=1003"},"modified":"2024-01-11T12:33:03","modified_gmt":"2024-01-11T12:33:03","slug":"preistraegerinnen-2023","status":"publish","type":"page","link":"https:\/\/frese-stiftung.de\/?page_id=1003","title":{"rendered":"Preistr\u00e4ger:innen 2023"},"content":{"rendered":"\t\t<div data-elementor-type=\"wp-page\" data-elementor-id=\"1003\" class=\"elementor elementor-1003\">\n\t\t\t\t\t\t<section class=\"elementor-section elementor-top-section elementor-element elementor-element-53e9f66 elementor-section-boxed elementor-section-height-default elementor-section-height-default\" data-id=\"53e9f66\" data-element_type=\"section\" data-e-type=\"section\">\n\t\t\t\t\t\t<div class=\"elementor-container elementor-column-gap-default\">\n\t\t\t\t\t<div class=\"elementor-column elementor-col-100 elementor-top-column elementor-element elementor-element-571c190\" data-id=\"571c190\" data-element_type=\"column\" data-e-type=\"column\">\n\t\t\t<div class=\"elementor-widget-wrap\">\n\t\t\t\t\t\t\t<\/div>\n\t\t<\/div>\n\t\t\t\t\t<\/div>\n\t\t<\/section>\n\t\t\t\t<section class=\"elementor-section elementor-top-section elementor-element elementor-element-a729230 elementor-section-boxed elementor-section-height-default elementor-section-height-default\" data-id=\"a729230\" data-element_type=\"section\" data-e-type=\"section\">\n\t\t\t\t\t\t<div class=\"elementor-container elementor-column-gap-default\">\n\t\t\t\t\t<div class=\"elementor-column elementor-col-100 elementor-top-column elementor-element elementor-element-9378c95\" data-id=\"9378c95\" data-element_type=\"column\" data-e-type=\"column\">\n\t\t\t<div class=\"elementor-widget-wrap elementor-element-populated\">\n\t\t\t\t\t\t<div class=\"elementor-element elementor-element-71bf0a6 elementor-widget elementor-widget-heading\" data-id=\"71bf0a6\" data-element_type=\"widget\" data-e-type=\"widget\" data-widget_type=\"heading.default\">\n\t\t\t\t<div class=\"elementor-widget-container\">\n\t\t\t\t\t<h2 class=\"elementor-heading-title elementor-size-default\">Frese-Design-Preis 2023<\/h2>\t\t\t\t<\/div>\n\t\t\t\t<\/div>\n\t\t\t\t\t<\/div>\n\t\t<\/div>\n\t\t\t\t\t<\/div>\n\t\t<\/section>\n\t\t\t\t<section class=\"elementor-section elementor-top-section elementor-element elementor-element-adba7ef elementor-section-boxed elementor-section-height-default elementor-section-height-default\" data-id=\"adba7ef\" data-element_type=\"section\" data-e-type=\"section\">\n\t\t\t\t\t\t<div class=\"elementor-container elementor-column-gap-default\">\n\t\t\t\t\t<div class=\"elementor-column elementor-col-50 elementor-top-column elementor-element elementor-element-bfcfe5f\" data-id=\"bfcfe5f\" data-element_type=\"column\" data-e-type=\"column\">\n\t\t\t<div class=\"elementor-widget-wrap elementor-element-populated\">\n\t\t\t\t\t\t<div class=\"elementor-element elementor-element-dc1a9d5 elementor-widget elementor-widget-text-editor\" data-id=\"dc1a9d5\" data-element_type=\"widget\" data-e-type=\"widget\" data-widget_type=\"text-editor.default\">\n\t\t\t\t<div class=\"elementor-widget-container\">\n\t\t\t\t\t\t\t\t\t<div>Der Frese-Design-Preises 2023 ging an drei Absolvent:innen der Hochschule f\u00fcr K\u00fcnste Bremen.<br>30 Studierende zeigten ihre Abschlussarbeitenim Speicher XI A der HfK Bremen.<\/div>\n<div><strong><br>Die Preistr\u00e4gerinnen:<\/strong><\/div>\n<div>1.Preis: Hui Lin (Masterstudium Digitale Medien)\u2028<br>Titel: \u201eRunway Descent\u201c<br>5.000 Euro<\/div>\n<div>&nbsp;<\/div>\n<div>\u20282. Preis: &nbsp;Alexander Lehmann (Masterstudium Digitale Medien)\u2028<br>Titel: \u201ePhase\u201c<p><\/p>\n<p>3.000 Euro<\/p>\n<p>3. Preis: Ana Rodriguez Heinlein (Masterstudium Integriertes Design)\u2028Titel: \u201eTierra Sin Agua\u201c<br>2.000 Euro<\/p>\n<\/div>\t\t\t\t\t\t\t\t<\/div>\n\t\t\t\t<\/div>\n\t\t\t\t\t<\/div>\n\t\t<\/div>\n\t\t\t\t<div class=\"elementor-column elementor-col-50 elementor-top-column elementor-element elementor-element-96c7ceb\" data-id=\"96c7ceb\" data-element_type=\"column\" data-e-type=\"column\">\n\t\t\t<div class=\"elementor-widget-wrap elementor-element-populated\">\n\t\t\t\t\t\t<div class=\"elementor-element elementor-element-8b9e59a elementor-widget elementor-widget-image\" data-id=\"8b9e59a\" data-element_type=\"widget\" data-e-type=\"widget\" data-widget_type=\"image.default\">\n\t\t\t\t<div class=\"elementor-widget-container\">\n\t\t\t\t\t\t\t\t\t\t\t\t<figure class=\"wp-caption\">\n\t\t\t\t\t\t\t\t\t\t\t<a href=\"https:\/\/www.frese-stiftung.de\/wp-content\/uploads\/2021\/09\/screen-scaled.jpg\" target=\"_blank\">\n\t\t\t\t\t\t\t<img fetchpriority=\"high\" decoding=\"async\" width=\"960\" height=\"715\" src=\"https:\/\/frese-stiftung.de\/wp-content\/uploads\/2024\/01\/frese-design_preise-2023-scaled-e1704968038751-1024x763.jpeg\" class=\"attachment-large size-large wp-image-1004\" alt=\"\" srcset=\"https:\/\/frese-stiftung.de\/wp-content\/uploads\/2024\/01\/frese-design_preise-2023-scaled-e1704968038751-1024x763.jpeg 1024w, https:\/\/frese-stiftung.de\/wp-content\/uploads\/2024\/01\/frese-design_preise-2023-scaled-e1704968038751-300x224.jpeg 300w, https:\/\/frese-stiftung.de\/wp-content\/uploads\/2024\/01\/frese-design_preise-2023-scaled-e1704968038751-768x572.jpeg 768w, https:\/\/frese-stiftung.de\/wp-content\/uploads\/2024\/01\/frese-design_preise-2023-scaled-e1704968038751-1536x1144.jpeg 1536w, https:\/\/frese-stiftung.de\/wp-content\/uploads\/2024\/01\/frese-design_preise-2023-scaled-e1704968038751.jpeg 1706w\" sizes=\"(max-width: 960px) 100vw, 960px\" \/>\t\t\t\t\t\t\t\t<\/a>\n\t\t\t\t\t\t\t\t\t\t\t<figcaption class=\"widget-image-caption wp-caption-text\">Foto: Kim Mayer<\/figcaption>\n\t\t\t\t\t\t\t\t\t\t<\/figure>\n\t\t\t\t\t\t\t\t\t<\/div>\n\t\t\t\t<\/div>\n\t\t\t\t\t<\/div>\n\t\t<\/div>\n\t\t\t\t\t<\/div>\n\t\t<\/section>\n\t\t\t\t<section class=\"elementor-section elementor-top-section elementor-element elementor-element-a9ce8b8 elementor-section-boxed elementor-section-height-default elementor-section-height-default\" data-id=\"a9ce8b8\" data-element_type=\"section\" data-e-type=\"section\">\n\t\t\t\t\t\t<div class=\"elementor-container elementor-column-gap-default\">\n\t\t\t\t\t<div class=\"elementor-column elementor-col-100 elementor-top-column elementor-element elementor-element-124715f\" data-id=\"124715f\" data-element_type=\"column\" data-e-type=\"column\">\n\t\t\t<div class=\"elementor-widget-wrap elementor-element-populated\">\n\t\t\t\t\t\t<div class=\"elementor-element elementor-element-a31a3e7 elementor-widget elementor-widget-ebor-portfolio-block\" data-id=\"a31a3e7\" data-element_type=\"widget\" data-e-type=\"widget\" data-widget_type=\"ebor-portfolio-block.default\">\n\t\t\t\t<div class=\"elementor-widget-container\">\n\t\t\t\t\t\n<div class=\"gallery\" data-cols=\"3\" data-margin=\"30\" data-ratio=\"1:1\">\n\t\n\t<div class=\"entry 2023\">\n\t\t<a href=\"https:\/\/frese-stiftung.de\/?portfolio=1-preis-hui-lin\">\n\t\t\t\n\t\t\t<div class=\"entry__image\" data-bg=\"https:\/\/frese-stiftung.de\/wp-content\/uploads\/2024\/01\/frese-design_preise-2023-scaled-e1704968038751.jpeg\"><\/div>\n\t\t\t\n\t\t\t<div class=\"entry__overlay\">\n\t\t\t\t\n\t\t\t\t<div class=\"entry__caption\">\n\t\t\t\t\t<div class=\"title\">1. Preis Hui Lin<\/div>\t\t\t\t\t<div class=\"cat\">2023<\/div>\n\t\t\t\t<\/div>\n\t\t\t\t\n\t\t\t\t<span class=\"line\"><\/span>\n\t\t\t\t\n\t\t\t<\/div>\n\t\t\t\n\t\t<\/a>\n\t<\/div>\n\n\n\t<div class=\"entry 2023\">\n\t\t<a href=\"https:\/\/frese-stiftung.de\/?portfolio=2-preis-alexander-lehmann\">\n\t\t\t\n\t\t\t<div class=\"entry__image\" data-bg=\"https:\/\/frese-stiftung.de\/wp-content\/uploads\/2024\/01\/jahresausstellung_2023-1711-gewinnerinnen-kim_mayer__72dpi_34_von_65-scaled.jpeg\"><\/div>\n\t\t\t\n\t\t\t<div class=\"entry__overlay\">\n\t\t\t\t\n\t\t\t\t<div class=\"entry__caption\">\n\t\t\t\t\t<div class=\"title\">2. Preis Alexander Lehmann<\/div>\t\t\t\t\t<div class=\"cat\">2023<\/div>\n\t\t\t\t<\/div>\n\t\t\t\t\n\t\t\t\t<span class=\"line\"><\/span>\n\t\t\t\t\n\t\t\t<\/div>\n\t\t\t\n\t\t<\/a>\n\t<\/div>\n\n\n\t<div class=\"entry 2023\">\n\t\t<a href=\"https:\/\/frese-stiftung.de\/?portfolio=3-preis-ana-rodriguez-heinlein\">\n\t\t\t\n\t\t\t<div class=\"entry__image\" data-bg=\"https:\/\/frese-stiftung.de\/wp-content\/uploads\/2024\/01\/jahresausstellung_2023-1711-gewinnerinnen-kim_mayer__72dpi_6_von_65-scaled.jpeg\"><\/div>\n\t\t\t\n\t\t\t<div class=\"entry__overlay\">\n\t\t\t\t\n\t\t\t\t<div class=\"entry__caption\">\n\t\t\t\t\t<div class=\"title\">3. Preis Ana Rodriguez Heinlein<\/div>\t\t\t\t\t<div class=\"cat\">2023<\/div>\n\t\t\t\t<\/div>\n\t\t\t\t\n\t\t\t\t<span class=\"line\"><\/span>\n\t\t\t\t\n\t\t\t<\/div>\n\t\t\t\n\t\t<\/a>\n\t<\/div>\n\n<\/div>\t\t\t\t<\/div>\n\t\t\t\t<\/div>\n\t\t\t\t\t<\/div>\n\t\t<\/div>\n\t\t\t\t\t<\/div>\n\t\t<\/section>\n\t\t\t\t<section class=\"elementor-section elementor-top-section elementor-element elementor-element-dbb3a25 elementor-section-boxed elementor-section-height-default elementor-section-height-default\" data-id=\"dbb3a25\" data-element_type=\"section\" data-e-type=\"section\">\n\t\t\t\t\t\t<div class=\"elementor-container elementor-column-gap-default\">\n\t\t\t\t\t<div class=\"elementor-column elementor-col-100 elementor-top-column elementor-element elementor-element-5e36dc8\" data-id=\"5e36dc8\" data-element_type=\"column\" data-e-type=\"column\">\n\t\t\t<div class=\"elementor-widget-wrap elementor-element-populated\">\n\t\t\t\t\t\t<div class=\"elementor-element elementor-element-8b8dc25 elementor-widget elementor-widget-text-editor\" data-id=\"8b8dc25\" data-element_type=\"widget\" data-e-type=\"widget\" data-widget_type=\"text-editor.default\">\n\t\t\t\t<div class=\"elementor-widget-container\">\n\t\t\t\t\t\t\t\t\t<p><strong>Belobigungen:\u2028<\/strong><span style=\"color: var( --e-global-color-text ); font-family: var( --e-global-typography-text-font-family ), Sans-serif;\">\u00a0<\/span><\/p><p>Jonghong Park:\u00a0\u2028\u201eVague Boundaries\u201c, Installation<\/p><p><span style=\"color: var( --e-global-color-text ); font-family: var( --e-global-typography-text-font-family ), Sans-serif;\">Anja Segermann:\u00a0\u2028\u201eSchichten\u201c, Fotografie<\/span><\/p><div>Farzad Golghasemi:\u00a0\u2028\u201eEndless Twist\u201c, Installation<\/div><div>\u00a0<\/div><p><strong>Jury<\/strong><\/p><p>Marie du Chastel\u2002(freiberufliche Kuratorin in Br\u00fcssel, k\u00fcnstlerische Leiterin der Non-Profit-Organisation KIKK, Mitglied der Kommission f\u00fcr digitale K\u00fcnste der F\u00f6deration Wallonien-Br\u00fcssel)<br \/><br \/>Simon Busse (Industriedesigner, Inhaber eines Designstudios in Stuttgart)<br \/><br \/>Serge Rompza (Grafikdesigner, Designstudio NODE Berlin Oslo)<br \/><br \/>Krankheitsbedingt fehlte Anja Groten (Designerin, Mitbegr\u00fcnderin der Initiative Hackers &amp; Designers, Leiterin der Designabteilung am Sandberg Instituut Amsterdam)<\/p>\t\t\t\t\t\t\t\t<\/div>\n\t\t\t\t<\/div>\n\t\t\t\t<div class=\"elementor-element elementor-element-e5c1ee2 elementor-widget elementor-widget-image\" data-id=\"e5c1ee2\" data-element_type=\"widget\" data-e-type=\"widget\" data-widget_type=\"image.default\">\n\t\t\t\t<div class=\"elementor-widget-container\">\n\t\t\t\t\t\t\t\t\t\t\t\t<figure class=\"wp-caption\">\n\t\t\t\t\t\t\t\t\t\t<img decoding=\"async\" width=\"960\" height=\"640\" src=\"https:\/\/frese-stiftung.de\/wp-content\/uploads\/2024\/01\/jahresausstellung_2023-1024x683.jpg\" class=\"attachment-large size-large wp-image-1010\" alt=\"\" srcset=\"https:\/\/frese-stiftung.de\/wp-content\/uploads\/2024\/01\/jahresausstellung_2023-1024x683.jpg 1024w, https:\/\/frese-stiftung.de\/wp-content\/uploads\/2024\/01\/jahresausstellung_2023-300x200.jpg 300w, https:\/\/frese-stiftung.de\/wp-content\/uploads\/2024\/01\/jahresausstellung_2023-768x512.jpg 768w, https:\/\/frese-stiftung.de\/wp-content\/uploads\/2024\/01\/jahresausstellung_2023-1536x1024.jpg 1536w, https:\/\/frese-stiftung.de\/wp-content\/uploads\/2024\/01\/jahresausstellung_2023.jpg 1800w\" sizes=\"(max-width: 960px) 100vw, 960px\" \/>\t\t\t\t\t\t\t\t\t\t\t<figcaption class=\"widget-image-caption wp-caption-text\">Foto: Kim Mayer<\/figcaption>\n\t\t\t\t\t\t\t\t\t\t<\/figure>\n\t\t\t\t\t\t\t\t\t<\/div>\n\t\t\t\t<\/div>\n\t\t\t\t\t<\/div>\n\t\t<\/div>\n\t\t\t\t\t<\/div>\n\t\t<\/section>\n\t\t\t\t<\/div>\n\t\t<div class=\"clearfix\"><\/div>","protected":false},"excerpt":{"rendered":"<p>Frese-Design-Preis 2023 Der Frese-Design-Preises 2023 ging an drei Absolvent:innen der Hochschule f\u00fcr K\u00fcnste Bremen.30 Studierende zeigten ihre Abschlussarbeitenim Speicher XI A der HfK Bremen. Die Preistr\u00e4gerinnen: 1.Preis: Hui Lin (Masterstudium Digitale Medien)\u2028Titel: \u201eRunway Descent\u201c5.000 Euro &nbsp; \u20282. Preis: &nbsp;Alexander Lehmann (Masterstudium Digitale Medien)\u2028Titel: \u201ePhase\u201c 3.000 Euro 3. Preis: Ana Rodriguez Heinlein (Masterstudium Integriertes Design)\u2028Titel: \u201eTierra [&hellip;]<\/p>\n","protected":false},"author":2,"featured_media":0,"parent":0,"menu_order":0,"comment_status":"closed","ping_status":"closed","template":"page_page_builder.php","meta":{"footnotes":""},"class_list":["post-1003","page","type-page","status-publish","hentry"],"_links":{"self":[{"href":"https:\/\/frese-stiftung.de\/index.php?rest_route=\/wp\/v2\/pages\/1003","targetHints":{"allow":["GET"]}}],"collection":[{"href":"https:\/\/frese-stiftung.de\/index.php?rest_route=\/wp\/v2\/pages"}],"about":[{"href":"https:\/\/frese-stiftung.de\/index.php?rest_route=\/wp\/v2\/types\/page"}],"author":[{"embeddable":true,"href":"https:\/\/frese-stiftung.de\/index.php?rest_route=\/wp\/v2\/users\/2"}],"replies":[{"embeddable":true,"href":"https:\/\/frese-stiftung.de\/index.php?rest_route=%2Fwp%2Fv2%2Fcomments&post=1003"}],"version-history":[{"count":16,"href":"https:\/\/frese-stiftung.de\/index.php?rest_route=\/wp\/v2\/pages\/1003\/revisions"}],"predecessor-version":[{"id":1026,"href":"https:\/\/frese-stiftung.de\/index.php?rest_route=\/wp\/v2\/pages\/1003\/revisions\/1026"}],"wp:attachment":[{"href":"https:\/\/frese-stiftung.de\/index.php?rest_route=%2Fwp%2Fv2%2Fmedia&parent=1003"}],"curies":[{"name":"wp","href":"https:\/\/api.w.org\/{rel}","templated":true}]}}